{"id":832,"date":"2019-07-24T13:47:40","date_gmt":"2019-07-24T12:47:40","guid":{"rendered":"https:\/\/recherche.ehesp.fr\/ricap\/?page_id=832"},"modified":"2023-06-13T09:02:29","modified_gmt":"2023-06-13T08:02:29","slug":"mentions-legales","status":"publish","type":"page","link":"https:\/\/recherche.ehesp.fr\/ricap\/mentions-legales\/","title":{"rendered":"Mentions l\u00e9gales"},"content":{"rendered":"<h2>\u00c9diteur<\/h2>\n<p><strong>\u00c9cole des hautes \u00e9tudes en sant\u00e9 publique (EHESP)<\/strong><br \/>\n15 avenue du Pr. L\u00e9on Bernard \u2013 CS 74312<br \/>\n35043 Rennes Cedex<br \/>\nT\u00e9l. : +33 (0) 2 99 02 22 00<br \/>\n<a href=\"mailto:contact@ehesp.fr\">contact@ehesp.fr<\/a><\/p>\n<p><strong>Directrice de la publication :<\/strong> Isabelle RICHARD<\/p>\n<h2>H\u00e9bergement<\/h2>\n<p>\u00c9cole des hautes \u00e9tudes en sant\u00e9 publique (EHESP)<br \/>\nDirection des syst\u00e8mes d\u2019information et des t\u00e9l\u00e9communications<br \/>\n15 avenue du Pr. L\u00e9on Bernard \u2013 CS 74312<br \/>\n35043 Rennes Cedex<br \/>\nT\u00e9l. : +33 (0) 2 99 02 22 00<br \/>\n<a href=\"mailto:cap-dsit@ehesp.fr\">cap-dsit@ehesp.fr<\/a><\/p>\n<h2>Propri\u00e9t\u00e9 intellectuelle<\/h2>\n<p>L&rsquo;ensemble de ce site rel\u00e8ve de la l\u00e9gislation fran\u00e7aise et internationale sur le droit d&rsquo;auteur et la propri\u00e9t\u00e9 intellectuelle. Tous les droits de reproduction sont r\u00e9serv\u00e9s, y compris pour les documents t\u00e9l\u00e9chargeables et les repr\u00e9sentations iconographiques et photographiques.<\/p>\n<p>La reproduction de tout ou partie de ce site sur un support \u00e9lectronique quel qu&rsquo;il soit est formellement interdite sauf autorisation expresse de la Direction de la communication.<\/p>\n<p>La reproduction des textes de ce site sur un support papier est autoris\u00e9e, tout particuli\u00e8rement dans le cadre p\u00e9dagogique, sous r\u00e9serve du respect des trois conditions suivantes :<\/p>\n<ul>\n<li>gratuit\u00e9 de la diffusion<\/li>\n<li>respect de l&rsquo;int\u00e9grit\u00e9 des documents reproduits : pas de modification ni alt\u00e9ration d&rsquo;aucune sorte, citation claire et lisible de la source sous la forme suivante &#8211; par exemple : <em>\u00ab ce document provient du site web du projet de recherche RICAP &#8211; Recherche et intervention : collaboration entre chercheurs et acteurs de politiques <a href=\"https:\/\/recherche.ehesp.fr\/ricap\/\" target=\"_blank\" rel=\"noopener noreferrer\">https:\/\/recherche.ehesp.fr\/ricap\/<\/a>. Les droits de reproduction sont r\u00e9serv\u00e9s et strictement limit\u00e9s \u00bb<\/em><\/li>\n<li>L&rsquo;URL du site web du projet de recherche RICAP doit imp\u00e9rativement figurer dans la r\u00e9f\u00e9rence<\/li>\n<\/ul>\n<p>Pour toute autre utilisation, veuillez nous consulter.<\/p>\n<h2>Les textes officiels sur le site<\/h2>\n<p>Seuls les textes publi\u00e9s dans l&rsquo;\u00e9dition papier du Journal officiel font foi. Pour vous les procurer, notez les r\u00e9f\u00e9rences du Journal officiel dans lequel le(s) texte(s) qui vous int\u00e9resse(nt) figurent et commandez aupr\u00e8s du Journal officiel l&rsquo;exemplaire correspondant.<\/p>\n<p>Les documents diffus\u00e9s en version \u00e9lectronique sur ce site ont fait l&rsquo;objet de nombreuses relectures de notre part mais peuvent encore contenir des erreurs.<\/p>\n<p>Si vous en constatez, n&rsquo;h\u00e9sitez pas \u00e0 nous le faire savoir en nous contactant par email \u00e0 <a href=\"mailto:webmaster@ehesp.fr\" target=\"_blank\" rel=\"noopener noreferrer\">webmaster@ehesp.fr<\/a><\/p>\n<p>Nous proc\u00e9derons imm\u00e9diatement aux rectifications correspondantes.<\/p>\n<p><em>Attention : les textes diffus\u00e9s peuvent, par ailleurs, avoir fait l&rsquo;objet de mise(s) \u00e0 jour entre le moment o\u00f9 vous les avez t\u00e9l\u00e9charg\u00e9s et celui o\u00f9 vous en prenez connaissance.<\/em><\/p>\n<h2>Informatique et libert\u00e9s &#8211; R\u00e8glement g\u00e9n\u00e9ral de protection des donn\u00e9es (RGPD)<\/h2>\n<p>L\u2019\u00c9cole des hautes \u00e9tudes en sant\u00e9 publique (EHESP) est un \u00e9tablissement public qui exerce une double mission de formation et de recherche en sant\u00e9 publique et action sociale. Dans le cadre de ses activit\u00e9s de formation, d\u2019expertise et de recherche, des informations peuvent \u00eatre recueillies par l\u2019interm\u00e9diaire de formulaires et dans ce cas, faire l\u2019objet d\u2019un traitement informatique.<\/p>\n<p>Conform\u00e9ment \u00e0 la loi \u00ab informatique et libert\u00e9s \u00bb du 6 janvier 1978 modifi\u00e9e et au RGPD 2016\/679 du 27 avril 2016, vous b\u00e9n\u00e9ficiez d\u2019un droit d\u2019acc\u00e8s, d\u2019interrogation, de rectification et de suppression des informations qui vous concernent. Vous pouvez \u00e9galement, pour des motifs l\u00e9gitimes, vous opposer au traitement de ces donn\u00e9es.<\/p>\n<blockquote><p>Si vous souhaitez exercer ces droits ou obtenir communication des informations vous concernant, veuillez-vous adresser :<\/p>\n<ul>\n<li>au <strong>D\u00e9l\u00e9gu\u00e9 \u00e0 la protection des donn\u00e9es<\/strong> (DPO) responsable du traitement des donn\u00e9es \u00e0 caract\u00e8re personnel \u00e0 l\u2019EHESP par email \u00e0 l&rsquo;adresse <a href=\"mailto:cil@ehesp.fr\" target=\"_blank\" rel=\"noopener noreferrer\">cil@ehesp.fr<\/a><\/li>\n<\/ul>\n<p>et\/ou<\/p>\n<ul>\n<li>\u00e0 la <strong>Direction de la communication<\/strong> par courrier \u00e0 l\u2019adresse suivante : \u00c9cole des hautes \u00e9tudes en sant\u00e9 publique, 15 avenue du professeur L\u00e9on Bernard \u2013 CS 74312 \u2013 35043 Rennes Cedex ou par email \u00e0 l&rsquo;adresse <a href=\"mailto:webmaster@ehesp.fr\" target=\"_blank\" rel=\"noopener noreferrer\">webmaster@ehesp.fr<\/a><\/li>\n<\/ul>\n<\/blockquote>\n<p>Enfin, vous avez la possibilit\u00e9, \u00e0 tout moment, de formuler une r\u00e9clamation ou des observations aupr\u00e8s de la Commission Nationale de l\u2019Informatique et des Libert\u00e9s (CNIL) en envoyant un courrier \u00e0 l\u2019adresse suivante : CNIL, 3 Place de Fontenoy TSA 80715 75334 Paris Cedex 07 ou par t\u00e9l\u00e9phone au +33 (0)1 53 73 22 22.<\/p>\n<h2>Messagerie<\/h2>\n<p>Les messages envoy\u00e9s sur le r\u00e9seau internet peuvent \u00eatre intercept\u00e9s. Ne divulguez pas d&rsquo;informations personnelles inutiles ou sensibles. Si vous souhaitez nous communiquer de telles informations, utilisez imp\u00e9rativement la voie postale.<\/p>\n<h2><a name=\"cookie\"><\/a>Donn\u00e9es statistiques : tra\u00e7abilit\u00e9 et profilage<\/h2>\n<p>Lors de votre navigation sur le site, vous laissez des traces informatiques. Cet ensemble d&rsquo;informations est recueilli \u00e0 l&rsquo;aide d&rsquo;un cookie qui ne contient aucune information personnelle.<br \/>\nDans le but d&rsquo;am\u00e9liorer l&rsquo;ergonomie, la navigation au sein du site, le contenu \u00e9ditorial et le service aux internautes, l&rsquo;outil gestionnaire des statistiques de notre site stocke des informations relatives au profil des internautes : \u00e9quipement, navigateur utilis\u00e9, origine g\u00e9ographique des requ\u00eates, date et heure de la connexion, navigation sur le site, fr\u00e9quence des visites, etc. Ces donn\u00e9es de connexion permettent des extractions statistiques.<\/p>\n<p>Vous pouvez \u00e9galement refuser l&rsquo;enregistrement de ces donn\u00e9es en modifiant la configuration du navigateur de votre ordinateur qui autorise ou non l&rsquo;enregistrement de cookies. Il est possible de les refuser ou de les supprimer sans que cela ait une quelconque influence sur l&rsquo;acc\u00e8s aux pages du site. Pour s&rsquo;opposer \u00e0 l&rsquo;enregistrement de cookies ou \u00eatre pr\u00e9venu avant d&rsquo;accepter les cookies, nous recommandons la lecture de la rubrique d&rsquo;aide de votre navigateur qui vous pr\u00e9cisera la marche \u00e0 suivre.<\/p>\n<p>[top]<\/p>\n","protected":false},"excerpt":{"rendered":"<p>\u00c9diteur \u00c9cole des hautes \u00e9tudes en sant\u00e9 publique (EHESP) 15 avenue du Pr. L\u00e9on Bernard \u2013 CS 74312 35043 Rennes Cedex T\u00e9l. : +33 (0) 2 99 02 22 00 contact@ehesp.fr Directrice de la publication : Isabelle RICHARD H\u00e9bergement \u00c9cole des hautes \u00e9tudes en sant\u00e9 publique (EHESP) Direction des syst\u00e8mes d\u2019information et des t\u00e9l\u00e9communications 15 [&hellip;]<\/p>\n","protected":false},"author":6,"featured_media":0,"parent":0,"menu_order":0,"comment_status":"closed","ping_status":"closed","template":"","meta":{"footnotes":""},"class_list":["post-832","page","type-page","status-publish","hentry"],"_links":{"self":[{"href":"https:\/\/recherche.ehesp.fr\/ricap\/wp-json\/wp\/v2\/pages\/832","targetHints":{"allow":["GET"]}}],"collection":[{"href":"https:\/\/recherche.ehesp.fr\/ricap\/wp-json\/wp\/v2\/pages"}],"about":[{"href":"https:\/\/recherche.ehesp.fr\/ricap\/wp-json\/wp\/v2\/types\/page"}],"author":[{"embeddable":true,"href":"https:\/\/recherche.ehesp.fr\/ricap\/wp-json\/wp\/v2\/users\/6"}],"replies":[{"embeddable":true,"href":"https:\/\/recherche.ehesp.fr\/ricap\/wp-json\/wp\/v2\/comments?post=832"}],"version-history":[{"count":3,"href":"https:\/\/recherche.ehesp.fr\/ricap\/wp-json\/wp\/v2\/pages\/832\/revisions"}],"predecessor-version":[{"id":848,"href":"https:\/\/recherche.ehesp.fr\/ricap\/wp-json\/wp\/v2\/pages\/832\/revisions\/848"}],"wp:attachment":[{"href":"https:\/\/recherche.ehesp.fr\/ricap\/wp-json\/wp\/v2\/media?parent=832"}],"curies":[{"name":"wp","href":"https:\/\/api.w.org\/{rel}","templated":true}]}}