{"id":724,"date":"2016-07-08T12:58:56","date_gmt":"2016-07-08T11:58:56","guid":{"rendered":"http:\/\/recherche.ehesp.fr\/ricap\/?page_id=724"},"modified":"2016-07-08T13:01:58","modified_gmt":"2016-07-08T12:01:58","slug":"expertises-experts-chercheurs-quels-roles-et-postures-dans-laction-publique","status":"publish","type":"page","link":"https:\/\/recherche.ehesp.fr\/ricap\/travaux-de-recherche\/note-de-synthese\/expertises-experts-chercheurs-quels-roles-et-postures-dans-laction-publique\/","title":{"rendered":"Expertises, experts, chercheurs : quels r\u00f4les et postures dans l\u2019action publique ?"},"content":{"rendered":"<p><strong>De quelle(s) fa\u00e7on(s) se d\u00e9finit l\u2019expertise\u00a0? Quelles expertises sont attendues par les acteurs politiques ? Quelles seraient les postures et r\u00f4les respectifs des experts et\/ou des chercheurs dans l\u2019action publique ?<\/strong><\/p>\n<p>L\u2019objectif de cette <a href=\"https:\/\/recherche.ehesp.fr\/ricap\/wp-content\/uploads\/sites\/3\/2016\/07\/Note-de-synth\u00e8se-Expertise-VF-AL.pdf\" target=\"_blank\">note de synth\u00e8se<\/a> est de partager des \u00e9l\u00e9ments de r\u00e9ponse \u00e0 ces questions que nous nous sommes pos\u00e9es.<\/p>\n<p>Nous proposons d\u2019abord de pr\u00e9senter les d\u00e9finitions de l\u2019expertise dans les \u00e9crits en sciences politiques et en sant\u00e9 publique et leur \u00e9volution. Nous tenterons ensuite de mieux comprendre les postures et r\u00f4les potentiels des chercheurs et experts, ainsi que leurs statuts respectifs dans l\u2019action publique.<\/p>\n<p>&nbsp;<\/p>\n","protected":false},"excerpt":{"rendered":"<p>De quelle(s) fa\u00e7on(s) se d\u00e9finit l\u2019expertise\u00a0? Quelles expertises sont attendues par les acteurs politiques ? Quelles seraient les postures et r\u00f4les respectifs des experts et\/ou des chercheurs dans l\u2019action publique ? L\u2019objectif de cette note de synth\u00e8se est de partager des \u00e9l\u00e9ments de r\u00e9ponse \u00e0 ces questions que nous nous sommes pos\u00e9es. Nous proposons d\u2019abord [&hellip;]<\/p>\n","protected":false},"author":6,"featured_media":0,"parent":277,"menu_order":0,"comment_status":"closed","ping_status":"closed","template":"","meta":{"footnotes":""},"class_list":["post-724","page","type-page","status-publish","hentry"],"_links":{"self":[{"href":"https:\/\/recherche.ehesp.fr\/ricap\/wp-json\/wp\/v2\/pages\/724","targetHints":{"allow":["GET"]}}],"collection":[{"href":"https:\/\/recherche.ehesp.fr\/ricap\/wp-json\/wp\/v2\/pages"}],"about":[{"href":"https:\/\/recherche.ehesp.fr\/ricap\/wp-json\/wp\/v2\/types\/page"}],"author":[{"embeddable":true,"href":"https:\/\/recherche.ehesp.fr\/ricap\/wp-json\/wp\/v2\/users\/6"}],"replies":[{"embeddable":true,"href":"https:\/\/recherche.ehesp.fr\/ricap\/wp-json\/wp\/v2\/comments?post=724"}],"version-history":[{"count":2,"href":"https:\/\/recherche.ehesp.fr\/ricap\/wp-json\/wp\/v2\/pages\/724\/revisions"}],"predecessor-version":[{"id":728,"href":"https:\/\/recherche.ehesp.fr\/ricap\/wp-json\/wp\/v2\/pages\/724\/revisions\/728"}],"up":[{"embeddable":true,"href":"https:\/\/recherche.ehesp.fr\/ricap\/wp-json\/wp\/v2\/pages\/277"}],"wp:attachment":[{"href":"https:\/\/recherche.ehesp.fr\/ricap\/wp-json\/wp\/v2\/media?parent=724"}],"curies":[{"name":"wp","href":"https:\/\/api.w.org\/{rel}","templated":true}]}}