{"id":550,"date":"2015-09-29T14:40:16","date_gmt":"2015-09-29T13:40:16","guid":{"rendered":"http:\/\/recherche.ehesp.fr\/ricap\/?page_id=550"},"modified":"2015-10-21T13:22:28","modified_gmt":"2015-10-21T12:22:28","slug":"projet-de-these","status":"publish","type":"page","link":"https:\/\/recherche.ehesp.fr\/ricap\/travaux-de-recherche\/projet-de-these\/","title":{"rendered":"Projet de th\u00e8se"},"content":{"rendered":"<p>Dans le cadre du projet de recherche RICAP, un projet de th\u00e8se est men\u00e9 par Anthony Lacouture, doctorant en sant\u00e9 publique et science politique \u00e0 l&rsquo;Ecole des hautes \u00e9tudes en sant\u00e9 publique, l&rsquo;Universit\u00e9 de Rennes 1 et l&rsquo;Ecole de sant\u00e9 publique de l&rsquo;Universit\u00e9 de Montr\u00e9al.<\/p>\n<p>Intitul\u00e9 <em><strong>Explorer les relations entre la recherche interventionnelle en sant\u00e9 publique et l&rsquo;application int\u00e9gr\u00e9e des connaissances : une \u00e9tude r\u00e9trospective de cas multiples avec l\u2019approche r\u00e9a<\/strong><strong>liste<\/strong><\/em>, ce projet se fait sous la supervision de Jeanine Pommier (EHESP), Val\u00e9ry Ridde (ESPUM)\u00a0et Christian Dagenais (Universit\u00e9 de Montr\u00e9al).<\/p>\n<p>L\u2019objectif g\u00e9n\u00e9ral du projet de th\u00e8se vise \u00e0 comprendre et \u00e0 expliquer comment, au niveau local, des recherches interventionnelles visant \u00e0 r\u00e9duire les in\u00e9galit\u00e9s de sant\u00e9 produisent les connaissances et favorisent leur utilisation dans l\u2019action publique locale.<\/p>\n<p>Trois objectifs sp\u00e9cifiques d\u00e9coulent de cet objectif g\u00e9n\u00e9ral :<\/p>\n<ul>\n<li><strong>D\u00e9crire<\/strong> la recherche interventionnelle ainsi que le statut et le r\u00f4le des acteurs impliqu\u00e9s pour produire des connaissances et favoriser leur utilisation.<\/li>\n<li><strong>Comprendre<\/strong> les relations entre la\u00a0recherche interventionnelle\u00a0et le syst\u00e8me d\u2019acteurs et d\u2019actions publiques locales, \u00e0 travers l\u2019application int\u00e9gr\u00e9e des connaissances (AIC) avec une perspective syst\u00e9mique.<\/li>\n<li><strong>Expliquer<\/strong> les m\u00e9canismes des recherches interventionnelles li\u00e9s aux strat\u00e9gies de l\u2019AIC au regard des contextes et des effets observ\u00e9s.<\/li>\n<\/ul>\n<p>Ce projet de th\u00e8se permettra de proposer un mod\u00e8le explicatif de l\u2019AIC par la recherche interventionnelle au sein d\u2019un syst\u00e8me d\u2019acteurs et d\u2019actions publiques locales dans le contexte fran\u00e7ais.<\/p>\n<p>Pour ce faire, une \u00e9tude r\u00e9trospective de cas multiples sera men\u00e9e et combin\u00e9e \u00e0 l\u2019approche r\u00e9aliste.<\/p>\n<p>&nbsp;<\/p>\n<p>&nbsp;<\/p>\n","protected":false},"excerpt":{"rendered":"<p>Dans le cadre du projet de recherche RICAP, un projet de th\u00e8se est men\u00e9 par Anthony Lacouture, doctorant en sant\u00e9 publique et science politique \u00e0 l&rsquo;Ecole des hautes \u00e9tudes en sant\u00e9 publique, l&rsquo;Universit\u00e9 de Rennes 1 et l&rsquo;Ecole de sant\u00e9 publique de l&rsquo;Universit\u00e9 de Montr\u00e9al. Intitul\u00e9 Explorer les relations entre la recherche interventionnelle en sant\u00e9 [&hellip;]<\/p>\n","protected":false},"author":6,"featured_media":0,"parent":21,"menu_order":4,"comment_status":"closed","ping_status":"closed","template":"","meta":{"footnotes":""},"class_list":["post-550","page","type-page","status-publish","hentry"],"_links":{"self":[{"href":"https:\/\/recherche.ehesp.fr\/ricap\/wp-json\/wp\/v2\/pages\/550","targetHints":{"allow":["GET"]}}],"collection":[{"href":"https:\/\/recherche.ehesp.fr\/ricap\/wp-json\/wp\/v2\/pages"}],"about":[{"href":"https:\/\/recherche.ehesp.fr\/ricap\/wp-json\/wp\/v2\/types\/page"}],"author":[{"embeddable":true,"href":"https:\/\/recherche.ehesp.fr\/ricap\/wp-json\/wp\/v2\/users\/6"}],"replies":[{"embeddable":true,"href":"https:\/\/recherche.ehesp.fr\/ricap\/wp-json\/wp\/v2\/comments?post=550"}],"version-history":[{"count":4,"href":"https:\/\/recherche.ehesp.fr\/ricap\/wp-json\/wp\/v2\/pages\/550\/revisions"}],"predecessor-version":[{"id":570,"href":"https:\/\/recherche.ehesp.fr\/ricap\/wp-json\/wp\/v2\/pages\/550\/revisions\/570"}],"up":[{"embeddable":true,"href":"https:\/\/recherche.ehesp.fr\/ricap\/wp-json\/wp\/v2\/pages\/21"}],"wp:attachment":[{"href":"https:\/\/recherche.ehesp.fr\/ricap\/wp-json\/wp\/v2\/media?parent=550"}],"curies":[{"name":"wp","href":"https:\/\/api.w.org\/{rel}","templated":true}]}}