{"id":490,"date":"2015-09-29T13:30:46","date_gmt":"2015-09-29T12:30:46","guid":{"rendered":"http:\/\/recherche.ehesp.fr\/ricap\/?page_id=490"},"modified":"2015-10-30T14:13:45","modified_gmt":"2015-10-30T13:13:45","slug":"outils","status":"publish","type":"page","link":"https:\/\/recherche.ehesp.fr\/ricap\/outils\/","title":{"rendered":"Outils"},"content":{"rendered":"<p>Dans le cadre de la phase exploratoire du projet de recherche RICAP, nous avons r\u00e9pertori\u00e9 diff\u00e9rentes r\u00e9f\u00e9rences et outils, majoritairement francophones, qui peuvent \u00eatre utiles pour mieux comprendre et mettre en \u0153uvre des strat\u00e9gies de partage et d&rsquo;application des connaissances en sant\u00e9 publique et\/ou des strat\u00e9gies d&rsquo;actions en lien avec les politiques publiques favorables \u00e0 la sant\u00e9. Ces listes ne sont\u00a0cependant pas exhaustives et seront compl\u00e9t\u00e9es au fur et \u00e0 mesure de l\u2019avancement du projet.<\/p>\n<p>N&rsquo;h\u00e9sitez pas \u00e0 nous contacter \u00e0 l&rsquo;adresse <a href=\"mailto:projet.ricap@ehesp.fr\" target=\"_blank\">projet.ricap@ehesp.fr<\/a> si vous souhaitez partager d&rsquo;autres ressources qui ne figureraient pas dans ces listes.<\/p>\n","protected":false},"excerpt":{"rendered":"<p>Dans le cadre de la phase exploratoire du projet de recherche RICAP, nous avons r\u00e9pertori\u00e9 diff\u00e9rentes r\u00e9f\u00e9rences et outils, majoritairement francophones, qui peuvent \u00eatre utiles pour mieux comprendre et mettre en \u0153uvre des strat\u00e9gies de partage et d&rsquo;application des connaissances en sant\u00e9 publique et\/ou des strat\u00e9gies d&rsquo;actions en lien avec les politiques publiques favorables \u00e0 [&hellip;]<\/p>\n","protected":false},"author":6,"featured_media":0,"parent":0,"menu_order":0,"comment_status":"closed","ping_status":"open","template":"","meta":{"footnotes":""},"class_list":["post-490","page","type-page","status-publish","hentry"],"_links":{"self":[{"href":"https:\/\/recherche.ehesp.fr\/ricap\/wp-json\/wp\/v2\/pages\/490","targetHints":{"allow":["GET"]}}],"collection":[{"href":"https:\/\/recherche.ehesp.fr\/ricap\/wp-json\/wp\/v2\/pages"}],"about":[{"href":"https:\/\/recherche.ehesp.fr\/ricap\/wp-json\/wp\/v2\/types\/page"}],"author":[{"embeddable":true,"href":"https:\/\/recherche.ehesp.fr\/ricap\/wp-json\/wp\/v2\/users\/6"}],"replies":[{"embeddable":true,"href":"https:\/\/recherche.ehesp.fr\/ricap\/wp-json\/wp\/v2\/comments?post=490"}],"version-history":[{"count":5,"href":"https:\/\/recherche.ehesp.fr\/ricap\/wp-json\/wp\/v2\/pages\/490\/revisions"}],"predecessor-version":[{"id":549,"href":"https:\/\/recherche.ehesp.fr\/ricap\/wp-json\/wp\/v2\/pages\/490\/revisions\/549"}],"wp:attachment":[{"href":"https:\/\/recherche.ehesp.fr\/ricap\/wp-json\/wp\/v2\/media?parent=490"}],"curies":[{"name":"wp","href":"https:\/\/api.w.org\/{rel}","templated":true}]}}