{"id":284,"date":"2015-03-18T17:50:29","date_gmt":"2015-03-18T16:50:29","guid":{"rendered":"http:\/\/recherche.ehesp.fr\/ricap\/?page_id=284"},"modified":"2015-03-18T17:50:29","modified_gmt":"2015-03-18T16:50:29","slug":"etude-qualitative-exploratoire","status":"publish","type":"page","link":"https:\/\/recherche.ehesp.fr\/ricap\/travaux-de-recherche\/etude-qualitative-exploratoire\/","title":{"rendered":"Etude qualitative exploratoire"},"content":{"rendered":"<p>En France, pour renforcer les liens entre les chercheurs et les d\u00e9cideurs au sein des territoires, de r\u00e9centes propositions ont \u00e9t\u00e9 faites en sant\u00e9 publique en faveur du partage et l\u2019application des connaissances (PAC). Malgr\u00e9 des collaborations d\u00e9j\u00e0 existantes entre ces acteurs, le PAC est encore peu \u00e9tudi\u00e9.<\/p>\n<p>Afin de caract\u00e9riser les conditions facilitantes ou limitantes du partage et de l\u2019application des connaissances dans de tels dispositifs, une investigation, de type exploratoire, a \u00e9t\u00e9 men\u00e9e dans deux r\u00e9gions fran\u00e7aises. Des entretiens non-directifs, individuels ou collectifs, ont \u00e9t\u00e9 r\u00e9alis\u00e9s d\u2019avril \u00e0 juin 2014 avec des chercheurs et des d\u00e9cideurs institutionnels et politiques. Les personnes rencontr\u00e9es exploraient elles-m\u00eames les interrogations possibles concernant les conditions du PAC entre chercheurs et d\u00e9cideurs au niveau local ou r\u00e9gional.<\/p>\n<p>Cette phase exploratoire nous permet de mieux appr\u00e9hender le partage et l\u2019application de connaissances sur les plans conceptuels et op\u00e9rationnels.<\/p>\n<p>Les r\u00e9sultats de l\u2019\u00e9tude seront bient\u00f4t disponibles.<\/p>\n","protected":false},"excerpt":{"rendered":"<p>En France, pour renforcer les liens entre les chercheurs et les d\u00e9cideurs au sein des territoires, de r\u00e9centes propositions ont \u00e9t\u00e9 faites en sant\u00e9 publique en faveur du partage et l\u2019application des connaissances (PAC). Malgr\u00e9 des collaborations d\u00e9j\u00e0 existantes entre ces acteurs, le PAC est encore peu \u00e9tudi\u00e9. Afin de caract\u00e9riser les conditions facilitantes ou [&hellip;]<\/p>\n","protected":false},"author":3,"featured_media":0,"parent":21,"menu_order":0,"comment_status":"closed","ping_status":"open","template":"","meta":{"footnotes":""},"class_list":["post-284","page","type-page","status-publish","hentry"],"_links":{"self":[{"href":"https:\/\/recherche.ehesp.fr\/ricap\/wp-json\/wp\/v2\/pages\/284","targetHints":{"allow":["GET"]}}],"collection":[{"href":"https:\/\/recherche.ehesp.fr\/ricap\/wp-json\/wp\/v2\/pages"}],"about":[{"href":"https:\/\/recherche.ehesp.fr\/ricap\/wp-json\/wp\/v2\/types\/page"}],"author":[{"embeddable":true,"href":"https:\/\/recherche.ehesp.fr\/ricap\/wp-json\/wp\/v2\/users\/3"}],"replies":[{"embeddable":true,"href":"https:\/\/recherche.ehesp.fr\/ricap\/wp-json\/wp\/v2\/comments?post=284"}],"version-history":[{"count":1,"href":"https:\/\/recherche.ehesp.fr\/ricap\/wp-json\/wp\/v2\/pages\/284\/revisions"}],"predecessor-version":[{"id":285,"href":"https:\/\/recherche.ehesp.fr\/ricap\/wp-json\/wp\/v2\/pages\/284\/revisions\/285"}],"up":[{"embeddable":true,"href":"https:\/\/recherche.ehesp.fr\/ricap\/wp-json\/wp\/v2\/pages\/21"}],"wp:attachment":[{"href":"https:\/\/recherche.ehesp.fr\/ricap\/wp-json\/wp\/v2\/media?parent=284"}],"curies":[{"name":"wp","href":"https:\/\/api.w.org\/{rel}","templated":true}]}}