{"id":277,"date":"2015-03-18T17:43:22","date_gmt":"2015-03-18T16:43:22","guid":{"rendered":"http:\/\/recherche.ehesp.fr\/ricap\/?page_id=277"},"modified":"2016-07-08T13:13:59","modified_gmt":"2016-07-08T12:13:59","slug":"note-de-synthese","status":"publish","type":"page","link":"https:\/\/recherche.ehesp.fr\/ricap\/travaux-de-recherche\/note-de-synthese\/","title":{"rendered":"Notes de synth\u00e8se"},"content":{"rendered":"<p>Dans cette section sont publi\u00e9es les notes de synth\u00e8se qui ont \u00e9t\u00e9 r\u00e9alis\u00e9es dans le cadre du projet RICAP.<\/p>\n<ol>\n<li><a href=\"https:\/\/recherche.ehesp.fr\/ricap\/travaux-de-recherche\/note-de-synthese\/partage-et-application-des-connaissances-en-sante-publique-entre-chercheurs-et-acteurs-des-politiques\/\" target=\"_blank\">Partage et application des connaissances en sant\u00e9 publique entre chercheurs et acteurs des politiques<\/a> (janvier 2015)<\/li>\n<li><a href=\"https:\/\/recherche.ehesp.fr\/ricap\/travaux-de-recherche\/note-de-synthese\/transfert-des-connaissances-de-quoi-parle-t-on-concretement\/\" target=\"_blank\">\u00ab Transfert des connaissances \u00bb : de quoi parle-t-on concr\u00e8tement ?<\/a> (mars 2016)<\/li>\n<li><a href=\"https:\/\/recherche.ehesp.fr\/ricap\/travaux-de-recherche\/note-de-synthese\/le-partage-et-lapplication-des-connaissances-en-sante-publique-en-france-quelques-elements-de-contexte\/\" target=\"_blank\">Le partage et l\u2019application des connaissances en sant\u00e9 publique en France : quelques \u00e9l\u00e9ments de contexte<\/a> (mars 2016)<\/li>\n<li><a href=\"https:\/\/recherche.ehesp.fr\/ricap\/travaux-de-recherche\/note-de-synthese\/le-partage-et-lapplication-des-connaissances-en-sante-publique-resultats-dune-etude-preliminaire-aupres-delus-et-techniciens-locaux\/\" target=\"_blank\">Le partage et l\u2019application des connaissances en sant\u00e9 publique : r\u00e9sultats d\u2019une \u00e9tude pr\u00e9liminaire aupr\u00e8s d&rsquo;\u00e9lus et techniciens locaux<\/a> (mars 2016)<\/li>\n<li><a href=\"https:\/\/recherche.ehesp.fr\/ricap\/travaux-de-recherche\/note-de-synthese\/expertises-experts-chercheurs-quels-roles-et-postures-dans-laction-publique\/\" target=\"_blank\">Expertises, experts, chercheurs : quels r\u00f4les et postures dans l\u2019action publique ?<\/a> (juin 2016)<\/li>\n<\/ol>\n","protected":false},"excerpt":{"rendered":"<p>Dans cette section sont publi\u00e9es les notes de synth\u00e8se qui ont \u00e9t\u00e9 r\u00e9alis\u00e9es dans le cadre du projet RICAP. Partage et application des connaissances en sant\u00e9 publique entre chercheurs et acteurs des politiques (janvier 2015) \u00ab Transfert des connaissances \u00bb : de quoi parle-t-on concr\u00e8tement ? (mars 2016) Le partage et l\u2019application des connaissances en [&hellip;]<\/p>\n","protected":false},"author":3,"featured_media":0,"parent":21,"menu_order":0,"comment_status":"closed","ping_status":"open","template":"","meta":{"footnotes":""},"class_list":["post-277","page","type-page","status-publish","hentry"],"_links":{"self":[{"href":"https:\/\/recherche.ehesp.fr\/ricap\/wp-json\/wp\/v2\/pages\/277","targetHints":{"allow":["GET"]}}],"collection":[{"href":"https:\/\/recherche.ehesp.fr\/ricap\/wp-json\/wp\/v2\/pages"}],"about":[{"href":"https:\/\/recherche.ehesp.fr\/ricap\/wp-json\/wp\/v2\/types\/page"}],"author":[{"embeddable":true,"href":"https:\/\/recherche.ehesp.fr\/ricap\/wp-json\/wp\/v2\/users\/3"}],"replies":[{"embeddable":true,"href":"https:\/\/recherche.ehesp.fr\/ricap\/wp-json\/wp\/v2\/comments?post=277"}],"version-history":[{"count":20,"href":"https:\/\/recherche.ehesp.fr\/ricap\/wp-json\/wp\/v2\/pages\/277\/revisions"}],"predecessor-version":[{"id":730,"href":"https:\/\/recherche.ehesp.fr\/ricap\/wp-json\/wp\/v2\/pages\/277\/revisions\/730"}],"up":[{"embeddable":true,"href":"https:\/\/recherche.ehesp.fr\/ricap\/wp-json\/wp\/v2\/pages\/21"}],"wp:attachment":[{"href":"https:\/\/recherche.ehesp.fr\/ricap\/wp-json\/wp\/v2\/media?parent=277"}],"curies":[{"name":"wp","href":"https:\/\/api.w.org\/{rel}","templated":true}]}}