{"id":254,"date":"2015-03-17T16:54:34","date_gmt":"2015-03-17T15:54:34","guid":{"rendered":"http:\/\/recherche.ehesp.fr\/ricap\/?page_id=254"},"modified":"2016-10-26T15:08:11","modified_gmt":"2016-10-26T14:08:11","slug":"annee-3","status":"publish","type":"page","link":"https:\/\/recherche.ehesp.fr\/ricap\/presentation-du-projet\/activites-de-recherche\/annee-3\/","title":{"rendered":"Ann\u00e9e 3"},"content":{"rendered":"<p>Pour\u00a0l&rsquo;ann\u00e9e 2016, une \u00e9tude qualitative est en cours de finalisation et une journ\u00e9e d&rsquo;\u00e9change collectif est en cours de pr\u00e9paration.<\/p>\n<ul>\n<li>L&rsquo;<strong>\u00e9tude qualitative<\/strong> men\u00e9e aupr\u00e8s d&rsquo;\u00e9lus et de techniciens locaux fait suite\u00a0\u00e0 l&rsquo;enqu\u00eate pr\u00e9liminaire r\u00e9alis\u00e9e \u00e0 la fin de l&rsquo;ann\u00e9e 2.<\/li>\n<\/ul>\n<p>Elle consiste \u00e0 approfondir les questions qui ont \u00e9t\u00e9 soulev\u00e9es lors de l&rsquo;analyse des r\u00e9sultats du questionnaire. Plus sp\u00e9cifiquement, il s&rsquo;agit de d\u00e9crire les conditions n\u00e9cessaires \u00e0 l&rsquo;utilisation des donn\u00e9es issues de la recherche en mati\u00e8re de pr\u00e9vention et promotion de la sant\u00e9 par les \u00e9lus locaux ainsi que les articulations et\/ou collaborations mises en \u0153uvre entre chercheurs et acteurs de l&rsquo;action publique dans ce but.<\/p>\n<ul>\n<li>Une\u00a0<strong>journ\u00e9e d&rsquo;\u00e9change\u00a0et de production<\/strong>\u00a0est pr\u00e9vue\u00a0le <span style=\"text-decoration: underline\">vendredi 7 octobre 2016<\/span> de 9h15 \u00e0 17h30 au b\u00e2timent Condorcet de l&rsquo;EHESP \u00e0 Rennes.<\/li>\n<\/ul>\n<p>L&rsquo;objectif de cette journ\u00e9e est double. Il s&rsquo;agit de :<\/p>\n<p>&#8211; partager les connaissances produites au cours du projet RICAP,<\/p>\n<p>&#8211; produire ensemble des pr\u00e9conisations et des fiches actions pour optimiser la mobilisation, la production, le partage et l&rsquo;utilisation des connaissances au sein des territoires lors de l&rsquo;\u00e9laboration d&rsquo;un projet territorial en pr\u00e9vention et promotion de la sant\u00e9.<\/p>\n<p>Les productions r\u00e9alis\u00e9es \u00e0 l\u2019issue de\u00a0cette journ\u00e9e seront diffus\u00e9es sur le site internet du projet RICAP.<\/p>\n<p>Pour en savoir plus, t\u00e9l\u00e9chargez le\u00a0<a href=\"https:\/\/recherche.ehesp.fr\/ricap\/wp-content\/uploads\/sites\/3\/2015\/03\/Programme_Journ\u00e9e_RICAP.pdf\" target=\"_blank\">programme<\/a> de la journ\u00e9e<em>.<\/em><\/p>\n<p><strong>Lien pour le vote :<\/strong> <a href=\"https:\/\/youslide.io\/journee_ricap\/1\" target=\"_blank\">https:\/\/youslide.io\/journee_ricap <\/a><\/p>\n<p>&nbsp;<\/p>\n","protected":false},"excerpt":{"rendered":"<p>Pour\u00a0l&rsquo;ann\u00e9e 2016, une \u00e9tude qualitative est en cours de finalisation et une journ\u00e9e d&rsquo;\u00e9change collectif est en cours de pr\u00e9paration. L&rsquo;\u00e9tude qualitative men\u00e9e aupr\u00e8s d&rsquo;\u00e9lus et de techniciens locaux fait suite\u00a0\u00e0 l&rsquo;enqu\u00eate pr\u00e9liminaire r\u00e9alis\u00e9e \u00e0 la fin de l&rsquo;ann\u00e9e 2. Elle consiste \u00e0 approfondir les questions qui ont \u00e9t\u00e9 soulev\u00e9es lors de l&rsquo;analyse des r\u00e9sultats [&hellip;]<\/p>\n","protected":false},"author":3,"featured_media":0,"parent":249,"menu_order":0,"comment_status":"closed","ping_status":"open","template":"","meta":{"footnotes":""},"class_list":["post-254","page","type-page","status-publish","hentry"],"_links":{"self":[{"href":"https:\/\/recherche.ehesp.fr\/ricap\/wp-json\/wp\/v2\/pages\/254","targetHints":{"allow":["GET"]}}],"collection":[{"href":"https:\/\/recherche.ehesp.fr\/ricap\/wp-json\/wp\/v2\/pages"}],"about":[{"href":"https:\/\/recherche.ehesp.fr\/ricap\/wp-json\/wp\/v2\/types\/page"}],"author":[{"embeddable":true,"href":"https:\/\/recherche.ehesp.fr\/ricap\/wp-json\/wp\/v2\/users\/3"}],"replies":[{"embeddable":true,"href":"https:\/\/recherche.ehesp.fr\/ricap\/wp-json\/wp\/v2\/comments?post=254"}],"version-history":[{"count":21,"href":"https:\/\/recherche.ehesp.fr\/ricap\/wp-json\/wp\/v2\/pages\/254\/revisions"}],"predecessor-version":[{"id":781,"href":"https:\/\/recherche.ehesp.fr\/ricap\/wp-json\/wp\/v2\/pages\/254\/revisions\/781"}],"up":[{"embeddable":true,"href":"https:\/\/recherche.ehesp.fr\/ricap\/wp-json\/wp\/v2\/pages\/249"}],"wp:attachment":[{"href":"https:\/\/recherche.ehesp.fr\/ricap\/wp-json\/wp\/v2\/media?parent=254"}],"curies":[{"name":"wp","href":"https:\/\/api.w.org\/{rel}","templated":true}]}}