{"id":249,"date":"2015-03-17T16:52:13","date_gmt":"2015-03-17T15:52:13","guid":{"rendered":"http:\/\/recherche.ehesp.fr\/ricap\/?page_id=249"},"modified":"2016-10-26T15:07:01","modified_gmt":"2016-10-26T14:07:01","slug":"activites-de-recherche","status":"publish","type":"page","link":"https:\/\/recherche.ehesp.fr\/ricap\/presentation-du-projet\/activites-de-recherche\/","title":{"rendered":"Activit\u00e9s de recherche"},"content":{"rendered":"<p>Les <strong>activit\u00e9s de recherche<\/strong> sont r\u00e9parties sur les trois ann\u00e9es du projet RICAP : <a title=\"ann\u00e9e 1\" href=\"https:\/\/recherche.ehesp.fr\/ricap\/presentation-du-projet\/activites-de-recherche\/annee-1\/\">ann\u00e9e 1<\/a>, <a title=\"ann\u00e9e 2\" href=\"https:\/\/recherche.ehesp.fr\/ricap\/presentation-du-projet\/activites-de-recherche\/annee-2\/\">ann\u00e9e 2<\/a> et <a title=\"ann\u00e9e 3\" href=\"https:\/\/recherche.ehesp.fr\/ricap\/presentation-du-projet\/activites-de-recherche\/annee-3\/\">ann\u00e9e 3<\/a>.<\/p>\n<p><strong><br \/>\n<\/strong><em>Les donn\u00e9es collect\u00e9es\u00a0lors\u00a0du projet RICAP sont anonymes et utilis\u00e9es uniquement dans le cadre de cette recherche (CNIL\u00a0: 1898740v0). Le projet de recherche RICAP a re\u00e7u un avis favorable du comit\u00e9 d&rsquo;\u00e9thique du Centre hospitalier universitaire de Rennes. <\/em><\/p>\n","protected":false},"excerpt":{"rendered":"<p>Les activit\u00e9s de recherche sont r\u00e9parties sur les trois ann\u00e9es du projet RICAP : ann\u00e9e 1, ann\u00e9e 2 et ann\u00e9e 3. Les donn\u00e9es collect\u00e9es\u00a0lors\u00a0du projet RICAP sont anonymes et utilis\u00e9es uniquement dans le cadre de cette recherche (CNIL\u00a0: 1898740v0). Le projet de recherche RICAP a re\u00e7u un avis favorable du comit\u00e9 d&rsquo;\u00e9thique du Centre hospitalier [&hellip;]<\/p>\n","protected":false},"author":3,"featured_media":0,"parent":7,"menu_order":0,"comment_status":"closed","ping_status":"open","template":"","meta":{"footnotes":""},"class_list":["post-249","page","type-page","status-publish","hentry"],"_links":{"self":[{"href":"https:\/\/recherche.ehesp.fr\/ricap\/wp-json\/wp\/v2\/pages\/249","targetHints":{"allow":["GET"]}}],"collection":[{"href":"https:\/\/recherche.ehesp.fr\/ricap\/wp-json\/wp\/v2\/pages"}],"about":[{"href":"https:\/\/recherche.ehesp.fr\/ricap\/wp-json\/wp\/v2\/types\/page"}],"author":[{"embeddable":true,"href":"https:\/\/recherche.ehesp.fr\/ricap\/wp-json\/wp\/v2\/users\/3"}],"replies":[{"embeddable":true,"href":"https:\/\/recherche.ehesp.fr\/ricap\/wp-json\/wp\/v2\/comments?post=249"}],"version-history":[{"count":14,"href":"https:\/\/recherche.ehesp.fr\/ricap\/wp-json\/wp\/v2\/pages\/249\/revisions"}],"predecessor-version":[{"id":780,"href":"https:\/\/recherche.ehesp.fr\/ricap\/wp-json\/wp\/v2\/pages\/249\/revisions\/780"}],"up":[{"embeddable":true,"href":"https:\/\/recherche.ehesp.fr\/ricap\/wp-json\/wp\/v2\/pages\/7"}],"wp:attachment":[{"href":"https:\/\/recherche.ehesp.fr\/ricap\/wp-json\/wp\/v2\/media?parent=249"}],"curies":[{"name":"wp","href":"https:\/\/api.w.org\/{rel}","templated":true}]}}