{"id":248,"date":"2015-03-17T16:53:27","date_gmt":"2015-03-17T15:53:27","guid":{"rendered":"http:\/\/recherche.ehesp.fr\/ricap\/?page_id=248"},"modified":"2015-04-10T10:14:03","modified_gmt":"2015-04-10T09:14:03","slug":"annee-1","status":"publish","type":"page","link":"https:\/\/recherche.ehesp.fr\/ricap\/presentation-du-projet\/activites-de-recherche\/annee-1\/","title":{"rendered":"Ann\u00e9e 1"},"content":{"rendered":"<p>La premi\u00e8re ann\u00e9e du projet de recherche RICAP a consist\u00e9 \u00e0 mieux appr\u00e9hender le partage et l\u2019application des connaissances (PAC) en sant\u00e9 publique entre chercheurs et acteurs de politiques, ainsi que les conditions facilitant ou limitant la mise en \u0153uvre du PAC au niveau local et r\u00e9gional. Cette <b>phase exploratoire <\/b>nous a permis d\u2019identifier et de rassembler l\u2019ensemble des connaissances disponibles sur le PAC, aussi bien sur le plan conceptuel qu\u2019op\u00e9rationnel.<\/p>\n<p>Diff\u00e9rentes activit\u00e9s de recherche ont ainsi \u00e9t\u00e9 r\u00e9alis\u00e9es durant l\u2019<b>ann\u00e9e 2014 <\/b>:<\/p>\n<ul>\n<li>Les \u00e9crits scientifiques et les documents institutionnels relatifs au partage et \u00e0 l\u2019application des connaissances en sant\u00e9 publique entre chercheurs et acteurs des politiques ont \u00e9t\u00e9 investigu\u00e9s. Cette exploration a donn\u00e9 lieu \u00e0 une <a title=\"bibliographie annot\u00e9e\" href=\"https:\/\/recherche.ehesp.fr\/ricap\/travaux-de-recherche\/bibliographie-annotee\/\">bibliographie annot\u00e9e <\/a>et \u00e0 une <a title=\"Note de synth\u00e8se\" href=\"https:\/\/recherche.ehesp.fr\/ricap\/travaux-de-recherche\/note-de-synthese\/\">note de synth\u00e8se<\/a>.<\/li>\n<li>Une <a title=\"\u00e9tude pr\u00e9liminaire\" href=\"https:\/\/recherche.ehesp.fr\/ricap\/travaux-de-recherche\/etude-qualitative-exploratoire\/\">\u00e9tude pr\u00e9liminaire<\/a> men\u00e9e dans deux r\u00e9gions fran\u00e7aises a permis d\u2019explorer les conditions limitant ou facilitant le PAC entre les chercheurs et acteurs des politiques au niveau local ou r\u00e9gional.<\/li>\n<li>Ont \u00e9galement \u00e9t\u00e9 recens\u00e9s les <a title=\"Outils\" href=\"https:\/\/recherche.ehesp.fr\/ricap\/outils\/\">outils<\/a> existants pour planifier, mettre en \u0153uvre ou \u00e9valuer des strat\u00e9gies de partage et d\u2019application des connaissances en sant\u00e9 publique. Seuls les outils r\u00e9dig\u00e9s en fran\u00e7ais et r\u00e9alis\u00e9s par des organismes dont les axes d\u2019intervention s\u2019inscrivent dans le champ de la sant\u00e9 publique ont \u00e9t\u00e9 r\u00e9pertori\u00e9s.<\/li>\n<\/ul>\n","protected":false},"excerpt":{"rendered":"<p>La premi\u00e8re ann\u00e9e du projet de recherche RICAP a consist\u00e9 \u00e0 mieux appr\u00e9hender le partage et l\u2019application des connaissances (PAC) en sant\u00e9 publique entre chercheurs et acteurs de politiques, ainsi que les conditions facilitant ou limitant la mise en \u0153uvre du PAC au niveau local et r\u00e9gional. Cette phase exploratoire nous a permis d\u2019identifier et [&hellip;]<\/p>\n","protected":false},"author":3,"featured_media":0,"parent":249,"menu_order":0,"comment_status":"closed","ping_status":"open","template":"","meta":{"footnotes":""},"class_list":["post-248","page","type-page","status-publish","hentry"],"_links":{"self":[{"href":"https:\/\/recherche.ehesp.fr\/ricap\/wp-json\/wp\/v2\/pages\/248","targetHints":{"allow":["GET"]}}],"collection":[{"href":"https:\/\/recherche.ehesp.fr\/ricap\/wp-json\/wp\/v2\/pages"}],"about":[{"href":"https:\/\/recherche.ehesp.fr\/ricap\/wp-json\/wp\/v2\/types\/page"}],"author":[{"embeddable":true,"href":"https:\/\/recherche.ehesp.fr\/ricap\/wp-json\/wp\/v2\/users\/3"}],"replies":[{"embeddable":true,"href":"https:\/\/recherche.ehesp.fr\/ricap\/wp-json\/wp\/v2\/comments?post=248"}],"version-history":[{"count":5,"href":"https:\/\/recherche.ehesp.fr\/ricap\/wp-json\/wp\/v2\/pages\/248\/revisions"}],"predecessor-version":[{"id":339,"href":"https:\/\/recherche.ehesp.fr\/ricap\/wp-json\/wp\/v2\/pages\/248\/revisions\/339"}],"up":[{"embeddable":true,"href":"https:\/\/recherche.ehesp.fr\/ricap\/wp-json\/wp\/v2\/pages\/249"}],"wp:attachment":[{"href":"https:\/\/recherche.ehesp.fr\/ricap\/wp-json\/wp\/v2\/media?parent=248"}],"curies":[{"name":"wp","href":"https:\/\/api.w.org\/{rel}","templated":true}]}}