{"id":93,"date":"2017-09-22T12:44:48","date_gmt":"2017-09-22T10:44:48","guid":{"rendered":"https:\/\/recherche.ehesp.fr\/chaire-jeunesse\/?page_id=93"},"modified":"2018-11-07T18:14:38","modified_gmt":"2018-11-07T17:14:38","slug":"equipe","status":"publish","type":"page","link":"https:\/\/recherche.ehesp.fr\/chaire-jeunesse\/presentation\/equipe\/","title":{"rendered":"\u00c9quipe"},"content":{"rendered":"\t\t<div data-elementor-type=\"wp-post\" data-elementor-id=\"93\" class=\"elementor elementor-93 elementor-bc-flex-widget\">\n\t\t\t\t\t\t<section class=\"elementor-section elementor-top-section elementor-element elementor-element-7r47ju9 elementor-section-boxed elementor-section-height-default elementor-section-height-default\" data-id=\"7r47ju9\" data-element_type=\"section\" data-e-type=\"section\">\n\t\t\t\t\t\t<div class=\"elementor-container elementor-column-gap-default\">\n\t\t\t\t\t<div class=\"elementor-column elementor-col-33 elementor-top-column elementor-element elementor-element-d9df72c\" data-id=\"d9df72c\" data-element_type=\"column\" data-e-type=\"column\">\n\t\t\t<div class=\"elementor-widget-wrap elementor-element-populated\">\n\t\t\t\t\t\t<div class=\"elementor-element elementor-element-49601b4 elementor-position-top elementor-widget elementor-widget-image-box\" data-id=\"49601b4\" data-element_type=\"widget\" data-e-type=\"widget\" data-widget_type=\"image-box.default\">\n\t\t\t\t<div class=\"elementor-widget-container\">\n\t\t\t\t\t<div class=\"elementor-image-box-wrapper\"><figure class=\"elementor-image-box-img\"><a href=\"https:\/\/www.ehesp.fr\/annuaire\/enseignement-recherche\/patricia-loncle-moriceau\/\" target=\"_blank\" tabindex=\"-1\"><img decoding=\"async\" width=\"150\" height=\"150\" src=\"https:\/\/recherche.ehesp.fr\/chaire-jeunesse\/wp-content\/uploads\/sites\/4\/2017\/11\/Loncle-150x150.png\" class=\"attachment-full size-full wp-image-1052\" alt=\"\" srcset=\"https:\/\/recherche.ehesp.fr\/chaire-jeunesse\/wp-content\/uploads\/sites\/4\/2017\/11\/Loncle-150x150.png 150w, https:\/\/recherche.ehesp.fr\/chaire-jeunesse\/wp-content\/uploads\/sites\/4\/2017\/11\/Loncle-150x150-66x66.png 66w\" sizes=\"(max-width: 150px) 100vw, 150px\" \/><\/a><\/figure><div class=\"elementor-image-box-content\"><h3 class=\"elementor-image-box-title\"><a href=\"https:\/\/www.ehesp.fr\/annuaire\/enseignement-recherche\/patricia-loncle-moriceau\/\" target=\"_blank\">Patricia Loncle-Moriceau<\/a><\/h3><p class=\"elementor-image-box-description\">Titulaire de la Chaire de recherche sur la jeunesse<br \/>Professeure des universit\u00e9s<br \/><a href=\"https:\/\/www.ehesp.fr\/annuaire\/enseignement-recherche\/patricia-loncle-moriceau\/\" target=\"_blank\">Acc\u00e9dez \u00e0 sa page perso<\/a><br \/><a href=\"mailto:Patricia.Loncle@ehesp.fr\">Patricia.Loncle@ehesp.fr<\/a><\/p><\/div><\/div>\t\t\t\t<\/div>\n\t\t\t\t<\/div>\n\t\t\t\t\t<\/div>\n\t\t<\/div>\n\t\t\t\t<div class=\"elementor-column elementor-col-33 elementor-top-column elementor-element elementor-element-56030f8\" data-id=\"56030f8\" data-element_type=\"column\" data-e-type=\"column\">\n\t\t\t<div class=\"elementor-widget-wrap elementor-element-populated\">\n\t\t\t\t\t\t<div class=\"elementor-element elementor-element-a50e815 elementor-position-top elementor-widget elementor-widget-image-box\" data-id=\"a50e815\" data-element_type=\"widget\" data-e-type=\"widget\" data-widget_type=\"image-box.default\">\n\t\t\t\t<div class=\"elementor-widget-container\">\n\t\t\t\t\t<div class=\"elementor-image-box-wrapper\"><figure class=\"elementor-image-box-img\"><img decoding=\"async\" width=\"100\" height=\"100\" src=\"https:\/\/recherche.ehesp.fr\/chaire-jeunesse\/wp-content\/uploads\/sites\/4\/2017\/11\/Eric-Le-Grand-e1511442035157.jpg\" class=\"attachment-full size-full wp-image-1049\" alt=\"\" \/><\/figure><div class=\"elementor-image-box-content\"><h3 class=\"elementor-image-box-title\">Eric Le Grand<\/h3><p class=\"elementor-image-box-description\">Coordinateur de la Chaire de recherche sur la jeunesse<br>Professeur associ\u00e9 en promotion de la sant\u00e9<br><a href=\"mailto:Eric.LeGrand@ehesp.fr\">Eric.LeGrand@ehesp.fr<\/a><\/p><\/div><\/div>\t\t\t\t<\/div>\n\t\t\t\t<\/div>\n\t\t\t\t\t<\/div>\n\t\t<\/div>\n\t\t\t\t<div class=\"elementor-column elementor-col-33 elementor-top-column elementor-element elementor-element-648db0a\" data-id=\"648db0a\" data-element_type=\"column\" data-e-type=\"column\">\n\t\t\t<div class=\"elementor-widget-wrap elementor-element-populated\">\n\t\t\t\t\t\t<div class=\"elementor-element elementor-element-8d17d60 elementor-position-top elementor-widget elementor-widget-image-box\" data-id=\"8d17d60\" data-element_type=\"widget\" data-e-type=\"widget\" data-widget_type=\"image-box.default\">\n\t\t\t\t<div class=\"elementor-widget-container\">\n\t\t\t\t\t<div class=\"elementor-image-box-wrapper\"><figure class=\"elementor-image-box-img\"><a href=\"https:\/\/www.ehesp.fr\/annuaire\/enseignement-recherche\/virginie-muniglia\/\" target=\"_blank\" tabindex=\"-1\"><img decoding=\"async\" width=\"99\" height=\"99\" src=\"https:\/\/recherche.ehesp.fr\/chaire-jeunesse\/wp-content\/uploads\/sites\/4\/2017\/09\/Muniglia-Virginie-9795-99x107.jpg\" class=\"attachment-full size-full wp-image-655\" alt=\"\" srcset=\"https:\/\/recherche.ehesp.fr\/chaire-jeunesse\/wp-content\/uploads\/sites\/4\/2017\/09\/Muniglia-Virginie-9795-99x107.jpg 99w, https:\/\/recherche.ehesp.fr\/chaire-jeunesse\/wp-content\/uploads\/sites\/4\/2017\/09\/Muniglia-Virginie-9795-99x107-66x66.jpg 66w\" sizes=\"(max-width: 99px) 100vw, 99px\" \/><\/a><\/figure><div class=\"elementor-image-box-content\"><h3 class=\"elementor-image-box-title\"><a href=\"https:\/\/www.ehesp.fr\/annuaire\/enseignement-recherche\/virginie-muniglia\/\" target=\"_blank\">Virginie Muniglia<\/a><\/h3><p class=\"elementor-image-box-description\">Responsable du <a href=\"https:\/\/www.ehesp.fr\/formation\/formations-diplomantes\/master-enfance-jeunesse-politiques-et-accompagnement\/\" target=\"_blank\">Master 2 enfance, jeunesse : politiques et accompagnement<\/a><br \/>Enseignante-chercheure<br \/><a href=\"https:\/\/www.ehesp.fr\/annuaire\/enseignement-recherche\/virginie-muniglia\/\" target=\"_blank\">Acc\u00e9dez \u00e0 sa page perso<\/a><br \/><a href=\"mailto:Virginie.Muniglia@ehesp.fr\">Virginie.Muniglia@ehesp.fr<\/a><\/p><\/div><\/div>\t\t\t\t<\/div>\n\t\t\t\t<\/div>\n\t\t\t\t\t<\/div>\n\t\t<\/div>\n\t\t\t\t\t<\/div>\n\t\t<\/section>\n\t\t\t\t<section class=\"elementor-section elementor-top-section elementor-element elementor-element-8855d78 elementor-section-boxed elementor-section-height-default elementor-section-height-default\" data-id=\"8855d78\" data-element_type=\"section\" data-e-type=\"section\">\n\t\t\t\t\t\t<div class=\"elementor-container elementor-column-gap-default\">\n\t\t\t\t\t<div class=\"elementor-column elementor-col-33 elementor-top-column elementor-element elementor-element-596291a\" data-id=\"596291a\" data-element_type=\"column\" data-e-type=\"column\">\n\t\t\t<div class=\"elementor-widget-wrap elementor-element-populated\">\n\t\t\t\t\t\t<div class=\"elementor-element elementor-element-fa57ab6 elementor-position-top elementor-widget elementor-widget-image-box\" data-id=\"fa57ab6\" data-element_type=\"widget\" data-e-type=\"widget\" data-widget_type=\"image-box.default\">\n\t\t\t\t<div class=\"elementor-widget-container\">\n\t\t\t\t\t<div class=\"elementor-image-box-wrapper\"><figure class=\"elementor-image-box-img\"><img loading=\"lazy\" decoding=\"async\" width=\"123\" height=\"120\" src=\"https:\/\/recherche.ehesp.fr\/chaire-jeunesse\/wp-content\/uploads\/sites\/4\/2017\/12\/karinne-Guilloux.jpg\" class=\"attachment-full size-full wp-image-1228\" alt=\"\" srcset=\"https:\/\/recherche.ehesp.fr\/chaire-jeunesse\/wp-content\/uploads\/sites\/4\/2017\/12\/karinne-Guilloux.jpg 123w, https:\/\/recherche.ehesp.fr\/chaire-jeunesse\/wp-content\/uploads\/sites\/4\/2017\/12\/karinne-Guilloux-52x50.jpg 52w\" sizes=\"(max-width: 123px) 100vw, 123px\" \/><\/figure><div class=\"elementor-image-box-content\"><h3 class=\"elementor-image-box-title\">Karinne Guilloux<\/h3><p class=\"elementor-image-box-description\">Directrice du projet JeTTT<br><a href=\"mailto:Karinne.Guilloux@ehesp.fr\">Karinne.Guilloux@ehesp.fr<\/a><\/p><\/div><\/div>\t\t\t\t<\/div>\n\t\t\t\t<\/div>\n\t\t\t\t\t<\/div>\n\t\t<\/div>\n\t\t\t\t<div class=\"elementor-column elementor-col-33 elementor-top-column elementor-element elementor-element-698a43e\" data-id=\"698a43e\" data-element_type=\"column\" data-e-type=\"column\">\n\t\t\t<div class=\"elementor-widget-wrap elementor-element-populated\">\n\t\t\t\t\t\t<div class=\"elementor-element elementor-element-9f24589 elementor-position-top elementor-widget elementor-widget-image-box\" data-id=\"9f24589\" data-element_type=\"widget\" data-e-type=\"widget\" data-widget_type=\"image-box.default\">\n\t\t\t\t<div class=\"elementor-widget-container\">\n\t\t\t\t\t<div class=\"elementor-image-box-wrapper\"><figure class=\"elementor-image-box-img\"><img loading=\"lazy\" decoding=\"async\" width=\"99\" height=\"99\" src=\"https:\/\/recherche.ehesp.fr\/chaire-jeunesse\/wp-content\/uploads\/sites\/4\/2017\/10\/portrait-VH-e1508780291518.jpg\" class=\"attachment-full size-full wp-image-649\" alt=\"\" \/><\/figure><div class=\"elementor-image-box-content\"><h3 class=\"elementor-image-box-title\">Val\u00e9rie Hamdi<\/h3><p class=\"elementor-image-box-description\">Coordinatrice des activit\u00e9s de transfert<br>du projet JeTTT<br><a href=\"mailto:Valerie.Hamdi@ehesp.fr\">Valerie.Hamdi@ehesp.fr<\/a><\/p><\/div><\/div>\t\t\t\t<\/div>\n\t\t\t\t<\/div>\n\t\t\t\t\t<\/div>\n\t\t<\/div>\n\t\t\t\t<div class=\"elementor-column elementor-col-33 elementor-top-column elementor-element elementor-element-614d368\" data-id=\"614d368\" data-element_type=\"column\" data-e-type=\"column\">\n\t\t\t<div class=\"elementor-widget-wrap elementor-element-populated\">\n\t\t\t\t\t\t<div class=\"elementor-element elementor-element-dee3f9d elementor-position-top elementor-widget elementor-widget-image-box\" data-id=\"dee3f9d\" data-element_type=\"widget\" data-e-type=\"widget\" data-widget_type=\"image-box.default\">\n\t\t\t\t<div class=\"elementor-widget-container\">\n\t\t\t\t\t<div class=\"elementor-image-box-wrapper\"><figure class=\"elementor-image-box-img\"><img loading=\"lazy\" decoding=\"async\" width=\"99\" height=\"99\" src=\"https:\/\/recherche.ehesp.fr\/chaire-jeunesse\/wp-content\/uploads\/sites\/4\/2017\/09\/GUILLEMARD-St\u00e9phanie-2-e1508778659604.png\" class=\"attachment-full size-full wp-image-643\" alt=\"\" \/><\/figure><div class=\"elementor-image-box-content\"><h3 class=\"elementor-image-box-title\">St\u00e9phanie Guillemard<\/h3><p class=\"elementor-image-box-description\">Coordinatrice de la mise en \u0153uvre<br \/>du projet JeTTT<br \/><a href=\"mailto:Stephanie.Guillemard@ehesp.fr\">Stephanie.Guillemard@ehesp.fr<\/a><\/p><\/div><\/div>\t\t\t\t<\/div>\n\t\t\t\t<\/div>\n\t\t\t\t\t<\/div>\n\t\t<\/div>\n\t\t\t\t\t<\/div>\n\t\t<\/section>\n\t\t\t\t<section class=\"elementor-section elementor-top-section elementor-element elementor-element-f23794a elementor-section-boxed elementor-section-height-default elementor-section-height-default\" data-id=\"f23794a\" data-element_type=\"section\" data-e-type=\"section\">\n\t\t\t\t\t\t<div class=\"elementor-container elementor-column-gap-default\">\n\t\t\t\t\t<div class=\"elementor-column elementor-col-33 elementor-top-column elementor-element elementor-element-8a42dff\" data-id=\"8a42dff\" data-element_type=\"column\" data-e-type=\"column\">\n\t\t\t<div class=\"elementor-widget-wrap elementor-element-populated\">\n\t\t\t\t\t\t<div class=\"elementor-element elementor-element-65247ee elementor-position-top elementor-widget elementor-widget-image-box\" data-id=\"65247ee\" data-element_type=\"widget\" data-e-type=\"widget\" data-widget_type=\"image-box.default\">\n\t\t\t\t<div class=\"elementor-widget-container\">\n\t\t\t\t\t<div class=\"elementor-image-box-wrapper\"><figure class=\"elementor-image-box-img\"><a href=\"http:\/\/MARTIN,%20C\u00e9line%20Celine.MARTIN@ehesp.fr\" tabindex=\"-1\"><img loading=\"lazy\" decoding=\"async\" width=\"99\" height=\"99\" src=\"https:\/\/recherche.ehesp.fr\/chaire-jeunesse\/wp-content\/uploads\/sites\/4\/2017\/10\/MARTIN-C\u00e9line-e1508833146377.jpg\" class=\"attachment-full size-full wp-image-666\" alt=\"\" \/><\/a><\/figure><div class=\"elementor-image-box-content\"><h3 class=\"elementor-image-box-title\"><a href=\"http:\/\/MARTIN,%20C\u00e9line%20Celine.MARTIN@ehesp.fr\">C\u00e9line Martin<\/a><\/h3><p class=\"elementor-image-box-description\">Ing\u00e9nieure d'\u00e9tudes des projets JeTTT et Partibridges<br><a href=\"mailto:Celine.MARTIN@ehesp.fr\">Celine.MARTIN@ehesp.fr<\/a><\/p><\/div><\/div>\t\t\t\t<\/div>\n\t\t\t\t<\/div>\n\t\t\t\t\t<\/div>\n\t\t<\/div>\n\t\t\t\t<div class=\"elementor-column elementor-col-33 elementor-top-column elementor-element elementor-element-bf79c62\" data-id=\"bf79c62\" data-element_type=\"column\" data-e-type=\"column\">\n\t\t\t<div class=\"elementor-widget-wrap elementor-element-populated\">\n\t\t\t\t\t\t<div class=\"elementor-element elementor-element-a4c9b06 elementor-position-top elementor-widget elementor-widget-image-box\" data-id=\"a4c9b06\" data-element_type=\"widget\" data-e-type=\"widget\" data-widget_type=\"image-box.default\">\n\t\t\t\t<div class=\"elementor-widget-container\">\n\t\t\t\t\t<div class=\"elementor-image-box-wrapper\"><figure class=\"elementor-image-box-img\"><img loading=\"lazy\" decoding=\"async\" width=\"99\" height=\"99\" src=\"https:\/\/recherche.ehesp.fr\/chaire-jeunesse\/wp-content\/uploads\/sites\/4\/2017\/09\/5dec25e9a9ea322bd506677ce424a565-bpfull-e1508755755143.jpg\" class=\"attachment-full size-full wp-image-630\" alt=\"\" \/><\/figure><div class=\"elementor-image-box-content\"><h3 class=\"elementor-image-box-title\">Ana\u00efs Mainfray<\/h3><p class=\"elementor-image-box-description\">Manager du projet europ\u00e9en Partibridges\n<a href=\"mailto:Anais.MAINFRAY@ehesp.fr\">Anais.MAINFRAY@ehesp.fr<\/a><\/p><\/div><\/div>\t\t\t\t<\/div>\n\t\t\t\t<\/div>\n\t\t\t\t\t<\/div>\n\t\t<\/div>\n\t\t\t\t<div class=\"elementor-column elementor-col-33 elementor-top-column elementor-element elementor-element-4363679\" data-id=\"4363679\" data-element_type=\"column\" data-e-type=\"column\">\n\t\t\t<div class=\"elementor-widget-wrap elementor-element-populated\">\n\t\t\t\t\t\t<div class=\"elementor-element elementor-element-77e9054 elementor-position-top elementor-widget elementor-widget-image-box\" data-id=\"77e9054\" data-element_type=\"widget\" data-e-type=\"widget\" data-widget_type=\"image-box.default\">\n\t\t\t\t<div class=\"elementor-widget-container\">\n\t\t\t\t\t<div class=\"elementor-image-box-wrapper\"><figure class=\"elementor-image-box-img\"><img loading=\"lazy\" decoding=\"async\" width=\"150\" height=\"150\" src=\"https:\/\/recherche.ehesp.fr\/chaire-jeunesse\/wp-content\/uploads\/sites\/4\/2018\/04\/0.jpg\" class=\"attachment-full size-full wp-image-1404\" alt=\"\" srcset=\"https:\/\/recherche.ehesp.fr\/chaire-jeunesse\/wp-content\/uploads\/sites\/4\/2018\/04\/0.jpg 150w, https:\/\/recherche.ehesp.fr\/chaire-jeunesse\/wp-content\/uploads\/sites\/4\/2018\/04\/0-66x66.jpg 66w\" sizes=\"(max-width: 150px) 100vw, 150px\" \/><\/figure><div class=\"elementor-image-box-content\"><h3 class=\"elementor-image-box-title\">Pascale Petit-Senechal<\/h3><p class=\"elementor-image-box-description\">Enseignante-chercheure<br>\n<a href=\"mailto:Pascale.PETITSENECHAL@ehesp.fr\">Pascale.PetitSenechal@ehesp.fr<\/a><\/p><\/div><\/div>\t\t\t\t<\/div>\n\t\t\t\t<\/div>\n\t\t\t\t\t<\/div>\n\t\t<\/div>\n\t\t\t\t\t<\/div>\n\t\t<\/section>\n\t\t\t\t<section class=\"elementor-section elementor-top-section elementor-element elementor-element-48bccc0 elementor-section-boxed elementor-section-height-default elementor-section-height-default\" data-id=\"48bccc0\" data-element_type=\"section\" data-e-type=\"section\">\n\t\t\t\t\t\t<div class=\"elementor-container elementor-column-gap-default\">\n\t\t\t\t\t<div class=\"elementor-column elementor-col-33 elementor-top-column elementor-element elementor-element-1a3c577\" data-id=\"1a3c577\" data-element_type=\"column\" data-e-type=\"column\">\n\t\t\t<div class=\"elementor-widget-wrap elementor-element-populated\">\n\t\t\t\t\t\t<div class=\"elementor-element elementor-element-13815c4 elementor-position-top elementor-widget elementor-widget-image-box\" data-id=\"13815c4\" data-element_type=\"widget\" data-e-type=\"widget\" data-widget_type=\"image-box.default\">\n\t\t\t\t<div class=\"elementor-widget-container\">\n\t\t\t\t\t<div class=\"elementor-image-box-wrapper\"><figure class=\"elementor-image-box-img\"><img loading=\"lazy\" decoding=\"async\" width=\"99\" height=\"99\" src=\"https:\/\/recherche.ehesp.fr\/chaire-jeunesse\/wp-content\/uploads\/sites\/4\/2017\/10\/LE-TRIVIDIC-Lila-e1508833167859.jpg\" class=\"attachment-full size-full wp-image-667\" alt=\"\" \/><\/figure><div class=\"elementor-image-box-content\"><h3 class=\"elementor-image-box-title\">Lila Le Trividic-Harrache<\/h3><p class=\"elementor-image-box-description\">Doctorante\n<a href=\"https:\/\/www.ehesp.fr\/annuaire\/enseignement-recherche\/lila-le-trividic-harrache\/\" target=\"_blank\">Acc\u00e9dez \u00e0 sa page perso<\/a><br><a href=\"mailto:Lila.Letrividic@ehesp.fr\">Lila.Letrividic@ehesp.fr<\/a><\/p><\/div><\/div>\t\t\t\t<\/div>\n\t\t\t\t<\/div>\n\t\t\t\t\t<\/div>\n\t\t<\/div>\n\t\t\t\t<div class=\"elementor-column elementor-col-33 elementor-top-column elementor-element elementor-element-647bd97\" data-id=\"647bd97\" data-element_type=\"column\" data-e-type=\"column\">\n\t\t\t<div class=\"elementor-widget-wrap elementor-element-populated\">\n\t\t\t\t\t\t<div class=\"elementor-element elementor-element-8f85b5a elementor-position-top elementor-widget elementor-widget-image-box\" data-id=\"8f85b5a\" data-element_type=\"widget\" data-e-type=\"widget\" data-widget_type=\"image-box.default\">\n\t\t\t\t<div class=\"elementor-widget-container\">\n\t\t\t\t\t<div class=\"elementor-image-box-wrapper\"><figure class=\"elementor-image-box-img\"><img loading=\"lazy\" decoding=\"async\" width=\"99\" height=\"99\" src=\"https:\/\/recherche.ehesp.fr\/chaire-jeunesse\/wp-content\/uploads\/sites\/4\/2017\/09\/celia-barrez-e1508778499258.png\" class=\"attachment-full size-full wp-image-640\" alt=\"\" \/><\/figure><div class=\"elementor-image-box-content\"><h3 class=\"elementor-image-box-title\">C\u00e9lia Barrez<\/h3><p class=\"elementor-image-box-description\">Doctorante<br \/><a href=\"https:\/\/www.ehesp.fr\/annuaire\/enseignement-recherche\/celia-barrez\/\" target=\"_blank\">Acc\u00e9dez \u00e0 sa page perso<\/a>\n<br \/><a href=\"mailto:Celia.Barrez@ehesp.fr\">Celia.Barrez@ehesp.fr<\/a><\/p><\/div><\/div>\t\t\t\t<\/div>\n\t\t\t\t<\/div>\n\t\t\t\t\t<\/div>\n\t\t<\/div>\n\t\t\t\t<div class=\"elementor-column elementor-col-33 elementor-top-column elementor-element elementor-element-a5d8b82\" data-id=\"a5d8b82\" data-element_type=\"column\" data-e-type=\"column\">\n\t\t\t<div class=\"elementor-widget-wrap elementor-element-populated\">\n\t\t\t\t\t\t<div class=\"elementor-element elementor-element-4b1e706 elementor-position-top elementor-widget elementor-widget-image-box\" data-id=\"4b1e706\" data-element_type=\"widget\" data-e-type=\"widget\" data-widget_type=\"image-box.default\">\n\t\t\t\t<div class=\"elementor-widget-container\">\n\t\t\t\t\t<div class=\"elementor-image-box-wrapper\"><figure class=\"elementor-image-box-img\"><img loading=\"lazy\" decoding=\"async\" width=\"99\" height=\"99\" src=\"https:\/\/recherche.ehesp.fr\/chaire-jeunesse\/wp-content\/uploads\/sites\/4\/2017\/09\/KALALA-Etch-e1508778649862.png\" class=\"attachment-full size-full wp-image-644\" alt=\"\" \/><\/figure><div class=\"elementor-image-box-content\"><h3 class=\"elementor-image-box-title\">Etch Kalala-Mabuluki<\/h3><p class=\"elementor-image-box-description\">Doctorant<br \/>\n<a href=\"https:\/\/www.ehesp.fr\/annuaire\/enseignement-recherche\/etch-kalala-mabukuki\/\" target=\"_blank\">Acc\u00e9dez \u00e0 sa page perso<\/a><br \/>\n<a href=\"mailto:Etch.Kalala-Mabuluki@ehesp.fr\">Etch.Kalala-Mabuluki@ehesp.fr<\/a><\/p><\/div><\/div>\t\t\t\t<\/div>\n\t\t\t\t<\/div>\n\t\t\t\t\t<\/div>\n\t\t<\/div>\n\t\t\t\t\t<\/div>\n\t\t<\/section>\n\t\t\t\t<section class=\"elementor-section elementor-top-section elementor-element elementor-element-5c62d22 elementor-section-boxed elementor-section-height-default elementor-section-height-default\" data-id=\"5c62d22\" data-element_type=\"section\" data-e-type=\"section\">\n\t\t\t\t\t\t<div class=\"elementor-container elementor-column-gap-default\">\n\t\t\t\t\t<div class=\"elementor-column elementor-col-33 elementor-top-column elementor-element elementor-element-218ad72\" data-id=\"218ad72\" data-element_type=\"column\" data-e-type=\"column\">\n\t\t\t<div class=\"elementor-widget-wrap\">\n\t\t\t\t\t\t\t<\/div>\n\t\t<\/div>\n\t\t\t\t<div class=\"elementor-column elementor-col-33 elementor-top-column elementor-element elementor-element-702b557\" data-id=\"702b557\" data-element_type=\"column\" data-e-type=\"column\">\n\t\t\t<div class=\"elementor-widget-wrap elementor-element-populated\">\n\t\t\t\t\t\t<div class=\"elementor-element elementor-element-2819886 elementor-position-top elementor-widget elementor-widget-image-box\" data-id=\"2819886\" data-element_type=\"widget\" data-e-type=\"widget\" data-widget_type=\"image-box.default\">\n\t\t\t\t<div class=\"elementor-widget-container\">\n\t\t\t\t\t<div class=\"elementor-image-box-wrapper\"><figure class=\"elementor-image-box-img\"><img loading=\"lazy\" decoding=\"async\" width=\"99\" height=\"99\" src=\"https:\/\/recherche.ehesp.fr\/chaire-jeunesse\/wp-content\/uploads\/sites\/4\/2017\/10\/dsdgetattribute-e1508835589477.jpg\" class=\"attachment-full size-full wp-image-672\" alt=\"\" \/><\/figure><div class=\"elementor-image-box-content\"><h3 class=\"elementor-image-box-title\">C\u00e9line Lefebvre<\/h3><p class=\"elementor-image-box-description\">Coordinatrice p\u00e9dagogique du <a href=\"https:\/\/www.ehesp.fr\/formation\/formations-diplomantes\/master-enfance-jeunesse-politiques-et-accompagnement\/\" target=\"_blank\">Master 2 enfance, jeunesse : politiques et accompagnement<\/a><br \/>\n<a href=\"mailto:Celine.Lefebvre@ehesp.fr\">Celine.Lefebvre@ehesp.fr<\/a><\/p><\/div><\/div>\t\t\t\t<\/div>\n\t\t\t\t<\/div>\n\t\t\t\t\t<\/div>\n\t\t<\/div>\n\t\t\t\t<div class=\"elementor-column elementor-col-33 elementor-top-column elementor-element elementor-element-b085661\" data-id=\"b085661\" data-element_type=\"column\" data-e-type=\"column\">\n\t\t\t<div class=\"elementor-widget-wrap\">\n\t\t\t\t\t\t\t<\/div>\n\t\t<\/div>\n\t\t\t\t\t<\/div>\n\t\t<\/section>\n\t\t\t\t<\/div>\n\t\t","protected":false},"excerpt":{"rendered":"<p>Patricia Loncle-Moriceau Titulaire de la Chaire de recherche sur la jeunesseProfesseure des universit\u00e9sAcc\u00e9dez \u00e0 sa page persoPatricia.Loncle@ehesp.fr Eric Le Grand Coordinateur de la Chaire de recherche sur la jeunesseProfesseur associ\u00e9 en promotion de la sant\u00e9Eric.LeGrand@ehesp.fr Virginie Muniglia Responsable du Master 2 enfance, jeunesse : politiques et accompagnementEnseignante-chercheureAcc\u00e9dez \u00e0 sa page persoVirginie.Muniglia@ehesp.fr Karinne Guilloux Directrice du [&hellip;]<\/p>\n","protected":false},"author":6,"featured_media":0,"parent":362,"menu_order":0,"comment_status":"closed","ping_status":"closed","template":"portfolio-four-column-text.php","meta":{"footnotes":""},"class_list":["post-93","page","type-page","status-publish","hentry"],"_links":{"self":[{"href":"https:\/\/recherche.ehesp.fr\/chaire-jeunesse\/wp-json\/wp\/v2\/pages\/93","targetHints":{"allow":["GET"]}}],"collection":[{"href":"https:\/\/recherche.ehesp.fr\/chaire-jeunesse\/wp-json\/wp\/v2\/pages"}],"about":[{"href":"https:\/\/recherche.ehesp.fr\/chaire-jeunesse\/wp-json\/wp\/v2\/types\/page"}],"author":[{"embeddable":true,"href":"https:\/\/recherche.ehesp.fr\/chaire-jeunesse\/wp-json\/wp\/v2\/users\/6"}],"replies":[{"embeddable":true,"href":"https:\/\/recherche.ehesp.fr\/chaire-jeunesse\/wp-json\/wp\/v2\/comments?post=93"}],"version-history":[{"count":84,"href":"https:\/\/recherche.ehesp.fr\/chaire-jeunesse\/wp-json\/wp\/v2\/pages\/93\/revisions"}],"predecessor-version":[{"id":1501,"href":"https:\/\/recherche.ehesp.fr\/chaire-jeunesse\/wp-json\/wp\/v2\/pages\/93\/revisions\/1501"}],"up":[{"embeddable":true,"href":"https:\/\/recherche.ehesp.fr\/chaire-jeunesse\/wp-json\/wp\/v2\/pages\/362"}],"wp:attachment":[{"href":"https:\/\/recherche.ehesp.fr\/chaire-jeunesse\/wp-json\/wp\/v2\/media?parent=93"}],"curies":[{"name":"wp","href":"https:\/\/api.w.org\/{rel}","templated":true}]}}