{"id":619,"date":"2017-10-23T12:14:19","date_gmt":"2017-10-23T10:14:19","guid":{"rendered":"https:\/\/recherche.ehesp.fr\/chaire-jeunesse\/?page_id=619"},"modified":"2017-12-19T17:37:21","modified_gmt":"2017-12-19T16:37:21","slug":"suivi-de-theses","status":"publish","type":"page","link":"https:\/\/recherche.ehesp.fr\/chaire-jeunesse\/enseignement-et-formation\/suivi-de-theses\/","title":{"rendered":"Suivi de Th\u00e8ses"},"content":{"rendered":"<p>Patricia Loncle-Moriceau assure le suivi de plusieurs th\u00e8ses de doctorat sur la jeunesse et les politiques de jeunesse (direction ou co-direction).<\/p>\n<h2>Th\u00e8ses en cours<\/h2>\n<ul>\n<li><strong>Etch Kalala-Mabuluki<\/strong>, \u00ab Politiques int\u00e9gr\u00e9es de jeunesse. Analyse compar\u00e9e de l\u2019approche transversale de l\u2019action publique locale en direction des jeunes en France, Italie et Finlande.\u00a0\u00bb en codirection avec Alain Vulbeau.\u00a0 \u2013 Universit\u00e9 Rennes 1\/CRAPE, financement Agence Nationale pour la R\u00e9novation Urbaine (ANRU) et Direction de la jeunesse, de l\u2019\u00e9ducation populaire et de la vie associative (DJEPVA)<\/li>\n<li><strong>C\u00e9lia Barrez, <\/strong>\u00ab\u00a0Comparaison France\/Allemagne de la lutte contre le d\u00e9crochage soclaire\u00a0\u00bb, en cotutelle avec l\u2019Universit\u00e9 de T\u00fcbingen, financement ARED-R\u00e9gion Bretagne.<\/li>\n<li><strong>Fransez Poisson<\/strong>, \u00ab\u00a0Engagement associatif des adolescents en Bretagne et au Qu\u00e9bec\u00a0\u00bb \u2013 <em>YAOUANK : Youth Association of Unable Activist Network and Knowledge, <\/em>Universit\u00e9 Rennes 1\/CRAPE, financement ARED-R\u00e9gion Bretagne<em><br \/>\n<\/em><\/li>\n<li><strong>Lila Le Trividic-Harrache<\/strong>, \u00ab Usages de la vie priv\u00e9e des jeunes et d\u00e9viances scolaires au lyc\u00e9e. Une sociologie du travail de prise en compte \u00ab globale \u00bb des \u00e9l\u00e8ves \u00bb<strong>, <\/strong>Universit\u00e9 Rennes 1\/CRAPE, financement ARED-R\u00e9gion Bretagne.<\/li>\n<\/ul>\n<h2>Th\u00e8ses achev\u00e9es<strong><br \/>\n<\/strong><\/h2>\n<ul>\n<li><strong>Fran\u00e7ois Bissege<\/strong>, \u00ab\u00a0Les processus de co-construction des messages pr\u00e9ventifs \u00e0 destination des populations juv\u00e9niles\u00a0\u00bb, en codirection avec Denis Ruellan, Universit\u00e9 Rennes 1\/CRAPE, financement EHESP. Th\u00e8se pour le doctorat en information-communication soutenue le 16 d\u00e9cembre 2014. Mention tr\u00e8s honorable avec les f\u00e9licitations du jury.<\/li>\n<li><strong>C\u00e9line Roth\u00e9<\/strong>, \u00ab\u00a0<a title=\"Les\" href=\"https:\/\/www.ehesp.fr\/wp-content\/uploads\/2012\/11\/resume-these-celine-rothe.pdf\" target=\"_blank\" rel=\"noopener noreferrer\">Les \u00ab\u00a0jeunes en errance\u00a0\u00bb, des jeunes dans le circuit de l\u2019infra-assistance, retour sur les effets d\u2019une cat\u00e9gorie d\u2019action publique dans sa mise en \u0153uvre de terrain<\/a>\u00a0\u00bb (pdf, 25 ko), Universit\u00e9 Rennes 1\/CRAPE, financement EHESP. Th\u00e8se pour le doctorat de science politique soutenue le 27 mars 2013. Mention tr\u00e8s honorable avec les f\u00e9licitations du jury \u00e0 l\u2019unanimit\u00e9.<\/li>\n<\/ul>\n","protected":false},"excerpt":{"rendered":"<p>Patricia Loncle-Moriceau assure le suivi de plusieurs th\u00e8ses de doctorat sur la jeunesse et les politiques de jeunesse (direction ou co-direction). Th\u00e8ses en cours Etch Kalala-Mabuluki, \u00ab Politiques int\u00e9gr\u00e9es de jeunesse. Analyse compar\u00e9e de l\u2019approche transversale de l\u2019action publique locale en direction des jeunes en France, Italie et Finlande.\u00a0\u00bb en codirection avec Alain Vulbeau.\u00a0 \u2013 [&hellip;]<\/p>\n","protected":false},"author":1,"featured_media":0,"parent":147,"menu_order":0,"comment_status":"closed","ping_status":"closed","template":"","meta":{"footnotes":""},"class_list":["post-619","page","type-page","status-publish","hentry"],"_links":{"self":[{"href":"https:\/\/recherche.ehesp.fr\/chaire-jeunesse\/wp-json\/wp\/v2\/pages\/619","targetHints":{"allow":["GET"]}}],"collection":[{"href":"https:\/\/recherche.ehesp.fr\/chaire-jeunesse\/wp-json\/wp\/v2\/pages"}],"about":[{"href":"https:\/\/recherche.ehesp.fr\/chaire-jeunesse\/wp-json\/wp\/v2\/types\/page"}],"author":[{"embeddable":true,"href":"https:\/\/recherche.ehesp.fr\/chaire-jeunesse\/wp-json\/wp\/v2\/users\/1"}],"replies":[{"embeddable":true,"href":"https:\/\/recherche.ehesp.fr\/chaire-jeunesse\/wp-json\/wp\/v2\/comments?post=619"}],"version-history":[{"count":15,"href":"https:\/\/recherche.ehesp.fr\/chaire-jeunesse\/wp-json\/wp\/v2\/pages\/619\/revisions"}],"predecessor-version":[{"id":1315,"href":"https:\/\/recherche.ehesp.fr\/chaire-jeunesse\/wp-json\/wp\/v2\/pages\/619\/revisions\/1315"}],"up":[{"embeddable":true,"href":"https:\/\/recherche.ehesp.fr\/chaire-jeunesse\/wp-json\/wp\/v2\/pages\/147"}],"wp:attachment":[{"href":"https:\/\/recherche.ehesp.fr\/chaire-jeunesse\/wp-json\/wp\/v2\/media?parent=619"}],"curies":[{"name":"wp","href":"https:\/\/api.w.org\/{rel}","templated":true}]}}