{"id":404,"date":"2017-10-22T23:43:16","date_gmt":"2017-10-22T21:43:16","guid":{"rendered":"https:\/\/recherche.ehesp.fr\/chaire-jeunesse\/?page_id=404"},"modified":"2017-10-22T23:47:50","modified_gmt":"2017-10-22T21:47:50","slug":"comite-dorientation","status":"publish","type":"page","link":"https:\/\/recherche.ehesp.fr\/chaire-jeunesse\/presentation\/gouvernance\/comite-dorientation\/","title":{"rendered":"Comit\u00e9 d&rsquo;orientation"},"content":{"rendered":"<h1><strong>Les rencontres du Comit\u00e9 d\u2019orientation<\/strong><\/h1>\n<h2><strong>1er comit\u00e9 d\u2019orientation : 22 janvier 2013<\/strong><\/h2>\n<p class=\"lead\">Il a r\u00e9uni plus de 40 acteurs qui ont r\u00e9fl\u00e9chi ensemble, \u00e0 partir d\u2019\u00e9l\u00e9ments collect\u00e9s en amont, aux priorit\u00e9s de questionnement en mati\u00e8re de publics et de modalit\u00e9s d\u2019intervention pour la jeunesse. Ils ont \u00e9galement pr\u00e9cis\u00e9 leurs attentes vis-\u00e0-vis des modalit\u00e9s de partage et de lien avec les acteurs en 2013.<br \/>\nT\u00e9l\u00e9chargez les\u00a0<a title=\"restitutions des travaux en ateliers\" href=\"https:\/\/www.ehesp.fr\/wp-content\/uploads\/2012\/11\/synthese-ateliers-22012013.pdf\" target=\"_blank\" rel=\"noopener\">restitutions des travaux en ateliers<\/a>\u00a0(pdf, 97 ko) et la\u00a0<a title=\"synth\u00e8se des questionnaires\" href=\"https:\/\/www.ehesp.fr\/wp-content\/uploads\/2012\/11\/synthese-questionnaires-22012013.pdf\" target=\"_blank\" rel=\"noopener\">synth\u00e8se des questionnaires<\/a>\u00a0(pdf, 100 ko).<\/p>\n<h2><strong>2\u00e8me comit\u00e9 d\u2019orientation : 17 d\u00e9cembre 2013<\/strong><\/h2>\n<p>Il \u00e9tait organis\u00e9 en 3 ateliers\u00a0th\u00e9matiques\u00a0: <a title=\"la participation \u00ab hors-cadre \u00bb\" href=\"https:\/\/www.ehesp.fr\/wp-content\/uploads\/2013\/11\/atelier-participation-022014.pdf\" target=\"_blank\" rel=\"noopener\">la participation \u00ab hors-cadre \u00bb<\/a> (pdf, 233 ko),\u00a0<a title=\"la coop\u00e9ration territoriale\" href=\"https:\/\/www.ehesp.fr\/wp-content\/uploads\/2013\/11\/Atelier-cooperation-territoriale-022014.pdf\" target=\"_blank\" rel=\"noopener\">la coop\u00e9ration territoriale<\/a> (pdf, 218 ko),\u00a0<a title=\"le m\u00e9tier de coordinateur jeunesse\" href=\"https:\/\/www.ehesp.fr\/wp-content\/uploads\/2013\/11\/Atelier-coordination-jeunesse-022014.pdf\" target=\"_blank\" rel=\"noopener\">le m\u00e9tier de coordinateur jeunesse<\/a> (pdf, 214 ko).<\/p>\n<h2><strong>3\u00e8me comit\u00e9 d\u2019orientation \u00ab\u00a0Ma Chaire Jeunesse\u00a0\u00bb: 15 janvier 2015<\/strong><\/h2>\n<p>L\u2019objectif de ce troisi\u00e8me comit\u00e9 est de faire un retour sur les deux ans d\u2019activit\u00e9s et de construire ensemble les perspectives \u00e0 venir pour ce nouveau point d\u2019\u00e9tape de la vie de la Chaire Jeunesse. T\u00e9l\u00e9charg\u00e9 le <a href=\"https:\/\/www.ehesp.fr\/wp-content\/uploads\/2013\/11\/Compte-rendu-des-travaux-du-3%C3%A8me-Comit%C3%A9-dorientation-Chaire-Jeunesse.pdf\" target=\"_blank\" rel=\"noopener\">Compte rendu \u00ab\u00a0ma chaire jeunesse\u00a0\u00bb<\/a> (pdf, 1,34 mo).<\/p>\n","protected":false},"excerpt":{"rendered":"<p>Les rencontres du Comit\u00e9 d\u2019orientation 1er comit\u00e9 d\u2019orientation : 22 janvier 2013 Il a r\u00e9uni plus de 40 acteurs qui ont r\u00e9fl\u00e9chi ensemble, \u00e0 partir d\u2019\u00e9l\u00e9ments collect\u00e9s en amont, aux priorit\u00e9s de questionnement en mati\u00e8re de publics et de modalit\u00e9s d\u2019intervention pour la jeunesse. Ils ont \u00e9galement pr\u00e9cis\u00e9 leurs attentes vis-\u00e0-vis des modalit\u00e9s de partage [&hellip;]<\/p>\n","protected":false},"author":1,"featured_media":0,"parent":382,"menu_order":0,"comment_status":"closed","ping_status":"closed","template":"","meta":{"footnotes":""},"class_list":["post-404","page","type-page","status-publish","hentry"],"_links":{"self":[{"href":"https:\/\/recherche.ehesp.fr\/chaire-jeunesse\/wp-json\/wp\/v2\/pages\/404","targetHints":{"allow":["GET"]}}],"collection":[{"href":"https:\/\/recherche.ehesp.fr\/chaire-jeunesse\/wp-json\/wp\/v2\/pages"}],"about":[{"href":"https:\/\/recherche.ehesp.fr\/chaire-jeunesse\/wp-json\/wp\/v2\/types\/page"}],"author":[{"embeddable":true,"href":"https:\/\/recherche.ehesp.fr\/chaire-jeunesse\/wp-json\/wp\/v2\/users\/1"}],"replies":[{"embeddable":true,"href":"https:\/\/recherche.ehesp.fr\/chaire-jeunesse\/wp-json\/wp\/v2\/comments?post=404"}],"version-history":[{"count":2,"href":"https:\/\/recherche.ehesp.fr\/chaire-jeunesse\/wp-json\/wp\/v2\/pages\/404\/revisions"}],"predecessor-version":[{"id":413,"href":"https:\/\/recherche.ehesp.fr\/chaire-jeunesse\/wp-json\/wp\/v2\/pages\/404\/revisions\/413"}],"up":[{"embeddable":true,"href":"https:\/\/recherche.ehesp.fr\/chaire-jeunesse\/wp-json\/wp\/v2\/pages\/382"}],"wp:attachment":[{"href":"https:\/\/recherche.ehesp.fr\/chaire-jeunesse\/wp-json\/wp\/v2\/media?parent=404"}],"curies":[{"name":"wp","href":"https:\/\/api.w.org\/{rel}","templated":true}]}}