{"id":382,"date":"2017-10-22T23:16:11","date_gmt":"2017-10-22T21:16:11","guid":{"rendered":"https:\/\/recherche.ehesp.fr\/chaire-jeunesse\/?page_id=382"},"modified":"2018-05-14T17:54:09","modified_gmt":"2018-05-14T15:54:09","slug":"gouvernance","status":"publish","type":"page","link":"https:\/\/recherche.ehesp.fr\/chaire-jeunesse\/presentation\/gouvernance\/","title":{"rendered":"Gouvernance"},"content":{"rendered":"<h2>Une instance d\u2019expertise\u00a0: le Comit\u00e9 scientifique<\/h2>\n<p class=\"lead\">Le Comit\u00e9 scientifique se r\u00e9unit dans la mesure du possible une fois par an. Il est charg\u00e9 d\u2019examiner et de garantir le contenu scientifique du programme formul\u00e9 par la titulaire de la Chaire. Ses membres contribuent \u00e9galement \u00e0 accro\u00eetre la visibilit\u00e9 de ses activit\u00e9s et ceci tant pour la France qu\u2019au niveau international.<\/p>\n<p><a title=\"T\u00e9l\u00e9chargez la liste des membres du comit\u00e9 scientifique\" href=\"https:\/\/www.ehesp.fr\/wp-content\/uploads\/2011\/11\/comite-scientifique.pdf\" target=\"_blank\" rel=\"noopener\">T\u00e9l\u00e9chargez la liste des membres du comit\u00e9 scientifique<\/a> (pdf, 36 ko)<\/p>\n<h2>Une instance de suivi et de d\u00e9cision\u00a0: le Comit\u00e9 directeur<\/h2>\n<p>Le Comit\u00e9 directeur r\u00e9unit les financeurs de la Chaire. Il comprend les partenaires suivants\u00a0: la <a title=\"R\u00e9gion Bretagne\" href=\"http:\/\/www.bretagne.bzh\" target=\"_blank\" rel=\"noopener\">R\u00e9gion Bretagne<\/a>, la <a href=\"http:\/\/metropole.rennes.fr\/\" target=\"_blank\" rel=\"noopener\">Ville de Rennes<\/a>,\u00a0 <a href=\"http:\/\/www.ehesp.fr\" target=\"_blank\" rel=\"noopener\">l\u2019\u00c9cole des Hautes \u00c9tudes en Sant\u00e9 Publique (EHESP)<\/a>, et l\u2019<a title=\"Institut national de la jeunesse et de l\u2019\u00e9ducation populaire\" href=\"http:\/\/www.injep.fr\/\" target=\"_blank\" rel=\"noopener\">Institut national de la jeunesse et de l\u2019\u00e9ducation populaire (INJEP)<\/a>. Ce comit\u00e9 se r\u00e9unit une fois par an pour assurer le suivi conventionnel de la Chaire. Il examine et \u00e9value son activit\u00e9 par le suivi des indicateurs d\u2019\u00e9valuation d\u00e9finis en concertation avec l\u2019\u00e9quipe de la Chaire.<\/p>\n<h2>Une instance prospective et strat\u00e9gique\u00a0: le Comit\u00e9 d\u2019orientation<\/h2>\n<p>Le Comit\u00e9 d\u2019orientation est une instance prospective. Il r\u00e9unit dans la mesure du possible, une fois par an les diff\u00e9rents acteurs de la jeunesse r\u00e9gionaux et nationaux (jeunes, professionnels, d\u00e9cideurs, chercheurs). Ensemble, ils proposent des orientations notamment en mati\u00e8re de liens entre la recherche et les milieux professionnels en portant une attention particuli\u00e8re \u00e0 la bonne ad\u00e9quation entre la programmation des activit\u00e9s scientifiques de la Chaire, d\u2019une part, et les besoins de partage de connaissances en r\u00e9gion Bretagne, d\u2019autre part.<br \/>\n<a title=\"Acc\u00e9dez aux comptes-rendus des rencontres du Comit\u00e9 d\u2019orientation\" href=\"https:\/\/recherche.ehesp.fr\/chaire-jeunesse\/presentation\/gouvernance\/comite-dorientation\/\" target=\"_blank\" rel=\"noopener\">Acc\u00e9dez aux comptes-rendus des rencontres du Comit\u00e9 d\u2019orientation<\/a><\/p>\n","protected":false},"excerpt":{"rendered":"<p>Une instance d\u2019expertise\u00a0: le Comit\u00e9 scientifique Le Comit\u00e9 scientifique se r\u00e9unit dans la mesure du possible une fois par an. Il est charg\u00e9 d\u2019examiner et de garantir le contenu scientifique du programme formul\u00e9 par la titulaire de la Chaire. Ses membres contribuent \u00e9galement \u00e0 accro\u00eetre la visibilit\u00e9 de ses activit\u00e9s et ceci tant pour la [&hellip;]<\/p>\n","protected":false},"author":1,"featured_media":0,"parent":362,"menu_order":0,"comment_status":"closed","ping_status":"closed","template":"","meta":{"footnotes":""},"class_list":["post-382","page","type-page","status-publish","hentry"],"_links":{"self":[{"href":"https:\/\/recherche.ehesp.fr\/chaire-jeunesse\/wp-json\/wp\/v2\/pages\/382","targetHints":{"allow":["GET"]}}],"collection":[{"href":"https:\/\/recherche.ehesp.fr\/chaire-jeunesse\/wp-json\/wp\/v2\/pages"}],"about":[{"href":"https:\/\/recherche.ehesp.fr\/chaire-jeunesse\/wp-json\/wp\/v2\/types\/page"}],"author":[{"embeddable":true,"href":"https:\/\/recherche.ehesp.fr\/chaire-jeunesse\/wp-json\/wp\/v2\/users\/1"}],"replies":[{"embeddable":true,"href":"https:\/\/recherche.ehesp.fr\/chaire-jeunesse\/wp-json\/wp\/v2\/comments?post=382"}],"version-history":[{"count":9,"href":"https:\/\/recherche.ehesp.fr\/chaire-jeunesse\/wp-json\/wp\/v2\/pages\/382\/revisions"}],"predecessor-version":[{"id":1409,"href":"https:\/\/recherche.ehesp.fr\/chaire-jeunesse\/wp-json\/wp\/v2\/pages\/382\/revisions\/1409"}],"up":[{"embeddable":true,"href":"https:\/\/recherche.ehesp.fr\/chaire-jeunesse\/wp-json\/wp\/v2\/pages\/362"}],"wp:attachment":[{"href":"https:\/\/recherche.ehesp.fr\/chaire-jeunesse\/wp-json\/wp\/v2\/media?parent=382"}],"curies":[{"name":"wp","href":"https:\/\/api.w.org\/{rel}","templated":true}]}}