{"id":362,"date":"2017-10-22T22:59:29","date_gmt":"2017-10-22T20:59:29","guid":{"rendered":"https:\/\/recherche.ehesp.fr\/chaire-jeunesse\/?page_id=362"},"modified":"2018-05-14T17:54:45","modified_gmt":"2018-05-14T15:54:45","slug":"presentation","status":"publish","type":"page","link":"https:\/\/recherche.ehesp.fr\/chaire-jeunesse\/presentation\/","title":{"rendered":"Pr\u00e9sentation"},"content":{"rendered":"<p>La Chaire de recherche sur la jeunesse, inaugur\u00e9e le 16 novembre 2012 (<a title=\"Discours d'inauguration\" href=\"https:\/\/recherche.ehesp.fr\/chaire-jeunesse\/2012\/12\/04\/inauguration-de-la-chaire-de-recherche-sur-la-jeunesse\/\" target=\"_blank\" rel=\"noopener\">d\u00e9couvrez le discours d\u2019inauguration de Patricia Loncle-Moriceau<\/a>), trouve sa place dans un contexte favorable \u00e0 l\u2019analyse des questions de jeunesse :<\/p>\n<ul>\n<li>la d\u00e9cision de la R\u00e9gion Bretagne d\u2019instaurer une <strong>charte jeunesse<\/strong> qui d\u00e9veloppe les objectifs des politiques de jeunesse de cette institution (21 septembre 2011) ;<\/li>\n<li>l\u2019int\u00e9r\u00eat croissant des <strong>chercheurs bretons<\/strong> de diff\u00e9rentes disciplines pour ces questions ;<\/li>\n<li>les pr\u00e9occupations grandissantes des <strong>d\u00e9cideurs<\/strong> de tous les \u00e9chelons de d\u00e9cision pour une population dont les difficult\u00e9s d\u2019int\u00e9gration sont de plus en plus importantes.<\/li>\n<\/ul>\n<p><a title=\"playlist chaire de recherche sur la jeunesse\" href=\"http:\/\/www.dailymotion.com\/playlist\/x32hru_webmasterehesp_chaire-de-recherche-sur-la-jeunesse\" target=\"_blank\" rel=\"noopener noreferrer\">Acc\u00e9dez \u00e0 la playlist des vid\u00e9os de pr\u00e9sentation de la Chaire de recherche sur la jeunesse<\/a><\/p>\n<p>La Chaire re\u00e7oit le soutien financier du <strong>Conseil r\u00e9gional de Bretagne<\/strong>, de la<strong> Ville de Rennes <\/strong>et de l\u2019<strong>Institut national de la jeunesse et de l\u2019\u00e9ducation populaire (INJEP)<\/strong>.<\/p>\n<p><a title=\"T\u00e9l\u00e9chargez la fiche descriptive de la chaire de recherche sur la jeunesse\" href=\"https:\/\/www.ehesp.fr\/wp-content\/uploads\/2012\/11\/plaquette_chaire_jeunesseV6_HD.pdf\" target=\"_blank\" rel=\"noopener noreferrer\">T\u00e9l\u00e9chargez la fiche descriptive de la chaire de recherche sur la jeunesse<\/a>\u00a0(pdf, 906 ko)<br \/>\n<a title=\"D\u00e9couvrez le rapport d\u2019activit\u00e9 de la chaire de recherche sur la jeunesse 2013-2014\" href=\"https:\/\/www.ehesp.fr\/wp-content\/uploads\/2012\/11\/plaquette-Bilan-activit%C3%A9s-13-14-chaire-jeunesse.pdf\" target=\"_blank\" rel=\"noopener noreferrer\">D\u00e9couvrez le rapport d\u2019activit\u00e9 de la chaire de recherche sur la jeunesse 2013-2014<\/a> (pdf, 895 ko)<br \/>\n<a href=\"https:\/\/recherche.ehesp.fr\/chaire-jeunesse\/wp-content\/uploads\/sites\/4\/2017\/10\/Sh\u00e9ma-programme-chaire_v3.pdf\" target=\"_blank\" rel=\"noopener\">Acc\u00e9dez au programme d&rsquo;activit\u00e9s 2017 &#8211; 2019<\/a><\/p>\n<p><img fetchpriority=\"high\" decoding=\"async\" class=\"aligncenter wp-image-814 \" src=\"https:\/\/recherche.ehesp.fr\/chaire-jeunesse\/wp-content\/uploads\/sites\/4\/2017\/10\/incicateurs_chaire.png\" alt=\"\" width=\"630\" height=\"466\" \/><\/p>\n<h2>Objectifs<\/h2>\n<ul>\n<li>\n<h1><strong><img decoding=\"async\" class=\"size-medium wp-image-380 alignright\" src=\"https:\/\/recherche.ehesp.fr\/chaire-jeunesse\/wp-content\/uploads\/sites\/4\/2017\/10\/Groupe-de-travail-jeunes-300x193.jpg\" alt=\"\" width=\"300\" height=\"193\" srcset=\"https:\/\/recherche.ehesp.fr\/chaire-jeunesse\/wp-content\/uploads\/sites\/4\/2017\/10\/Groupe-de-travail-jeunes-300x193.jpg 300w, https:\/\/recherche.ehesp.fr\/chaire-jeunesse\/wp-content\/uploads\/sites\/4\/2017\/10\/Groupe-de-travail-jeunes.jpg 400w\" sizes=\"(max-width: 300px) 100vw, 300px\" \/><\/strong><\/h1>\n<p>Travailler \u00e0 l\u2019<b>am\u00e9lioration des connaissances <\/b>compar\u00e9es sur la jeunesse et les \u00e9volutions des politiques et des pratiques s\u2019adressant aux jeunes <i>(de l\u2019\u00e9chelon local<\/i> <i>\u00e0 l\u2019\u00e9chelon international) ;<\/i><\/li>\n<li>Renforcer les <b>interconnaissances <\/b>et les <b>\u00e9changes <\/b>d<b>e <\/b><b>pratiques avec les d\u00e9cideurs et les professionnels <\/b>intervenant aupr\u00e8s des jeunes, et faciliter les <b>coop\u00e9rations entre l\u2019action publique et le monde de la recherche ;<br \/>\n<\/b><\/li>\n<li><b>Former des professionnels <\/b>en exercice, des \u00e9tudiants et des jeunes chercheurs pour promouvoir la connaissance et l\u2019am\u00e9lioration des processus d\u2019int\u00e9gration et d\u2019accompagnement des jeunes dans notre pays.<\/li>\n<\/ul>\n<p>La Chaire a vocation \u00e0 prendre en compte les questions de jeunesse dans une perspective globale et transversale, qu\u2019il s\u2019agisse du social, de la sant\u00e9, de l\u2019\u00e9ducatif\u2026 \u00e0 travers 3 axes de r\u00e9flexion :<\/p>\n<ol start=\"1\">\n<li>Sociologie de la jeunesse : situation, parcours, repr\u00e9sentations et logiques d\u2019action des jeunes fran\u00e7ais et europ\u00e9ens, processus de vuln\u00e9rabilit\u00e9 ;<\/li>\n<li>Politiques publiques et r\u00e9seaux d\u2019acteurs en direction de la jeunesse ;<\/li>\n<li>Pratiques professionnelles en direction de la jeunesse.<\/li>\n<\/ol>\n<h2>Gouvernance<\/h2>\n<p>La Chaire de recherche sur la jeunesse a pour titulaire Patricia Loncle, enseignant-chercheur \u00e0 l\u2019EHESP et au Centre de recherches sur l\u2019action politique en Europe \/ Ar\u00e8nes (UMR 6051). Elle est rattach\u00e9e au <a title=\"D\u00e9partement des sciences humaines et sociales (SHS)\" href=\"https:\/\/www.ehesp.fr\/recherche\/departements\/departement-sciences-humaines-sociales\/\" target=\"_blank\" rel=\"noopener\">D\u00e9partement des sciences humaines et sociales (SHS)<\/a> de l\u2019EHESP.<\/p>\n<p><a title=\"D\u00e9couvrez les instances de gouvernance de la Chaire de recherche sur la jeunesse\" href=\"https:\/\/recherche.ehesp.fr\/chaire-jeunesse\/presentation\/gouvernance\/\" target=\"_blank\" rel=\"noopener\">D\u00e9couvrez les instances de gouvernance de la Chaire de recherche sur la jeunesse<\/a><\/p>\n<h2>Th\u00e9matiques<\/h2>\n<ul>\n<li>La participation des jeunes<\/li>\n<li>L\u2019\u00e9volution des politiques de jeunesse<\/li>\n<li>Les situations de vuln\u00e9rabilit\u00e9 et les politiques sociales<\/li>\n<li>La sant\u00e9 des jeunes<\/li>\n<\/ul>\n","protected":false},"excerpt":{"rendered":"<p>La Chaire de recherche sur la jeunesse, inaugur\u00e9e le 16 novembre 2012 (d\u00e9couvrez le discours d\u2019inauguration de Patricia Loncle-Moriceau), trouve sa place dans un contexte favorable \u00e0 l\u2019analyse des questions de jeunesse : la d\u00e9cision de la R\u00e9gion Bretagne d\u2019instaurer une charte jeunesse qui d\u00e9veloppe les objectifs des politiques de jeunesse de cette institution (21 [&hellip;]<\/p>\n","protected":false},"author":1,"featured_media":0,"parent":0,"menu_order":0,"comment_status":"closed","ping_status":"closed","template":"","meta":{"footnotes":""},"class_list":["post-362","page","type-page","status-publish","hentry"],"_links":{"self":[{"href":"https:\/\/recherche.ehesp.fr\/chaire-jeunesse\/wp-json\/wp\/v2\/pages\/362","targetHints":{"allow":["GET"]}}],"collection":[{"href":"https:\/\/recherche.ehesp.fr\/chaire-jeunesse\/wp-json\/wp\/v2\/pages"}],"about":[{"href":"https:\/\/recherche.ehesp.fr\/chaire-jeunesse\/wp-json\/wp\/v2\/types\/page"}],"author":[{"embeddable":true,"href":"https:\/\/recherche.ehesp.fr\/chaire-jeunesse\/wp-json\/wp\/v2\/users\/1"}],"replies":[{"embeddable":true,"href":"https:\/\/recherche.ehesp.fr\/chaire-jeunesse\/wp-json\/wp\/v2\/comments?post=362"}],"version-history":[{"count":27,"href":"https:\/\/recherche.ehesp.fr\/chaire-jeunesse\/wp-json\/wp\/v2\/pages\/362\/revisions"}],"predecessor-version":[{"id":1410,"href":"https:\/\/recherche.ehesp.fr\/chaire-jeunesse\/wp-json\/wp\/v2\/pages\/362\/revisions\/1410"}],"wp:attachment":[{"href":"https:\/\/recherche.ehesp.fr\/chaire-jeunesse\/wp-json\/wp\/v2\/media?parent=362"}],"curies":[{"name":"wp","href":"https:\/\/api.w.org\/{rel}","templated":true}]}}