{"id":145,"date":"2017-09-22T17:16:14","date_gmt":"2017-09-22T15:16:14","guid":{"rendered":"https:\/\/recherche.ehesp.fr\/chaire-jeunesse\/?page_id=145"},"modified":"2017-11-28T17:20:29","modified_gmt":"2017-11-28T16:20:29","slug":"manifestations-et-activites-scientifiques","status":"publish","type":"page","link":"https:\/\/recherche.ehesp.fr\/chaire-jeunesse\/recherche\/manifestations-et-activites-scientifiques\/","title":{"rendered":"Manifestations et activit\u00e9s scientifiques"},"content":{"rendered":"\t\t<div data-elementor-type=\"wp-post\" data-elementor-id=\"145\" class=\"elementor elementor-145 elementor-bc-flex-widget\">\n\t\t\t\t\t\t<section class=\"elementor-section elementor-top-section elementor-element elementor-element-7dcf522f elementor-section-boxed elementor-section-height-default elementor-section-height-default\" data-id=\"7dcf522f\" data-element_type=\"section\" data-e-type=\"section\">\n\t\t\t\t\t\t<div class=\"elementor-container elementor-column-gap-default\">\n\t\t\t\t\t<div class=\"elementor-column elementor-col-100 elementor-top-column elementor-element elementor-element-7e9edc14\" data-id=\"7e9edc14\" data-element_type=\"column\" data-e-type=\"column\">\n\t\t\t<div class=\"elementor-widget-wrap elementor-element-populated\">\n\t\t\t\t\t\t<div class=\"elementor-element elementor-element-3f882193 elementor-widget elementor-widget-text-editor\" data-id=\"3f882193\" data-element_type=\"widget\" data-e-type=\"widget\" data-widget_type=\"text-editor.default\">\n\t\t\t\t<div class=\"elementor-widget-container\">\n\t\t\t\t\t\t\t\t\t<h2><b>Conf\u00e9rences de la Chaire de recherche sur la jeunesse<\/b><\/h2><p>Une fois par mois, la Chaire de recherche sur la jeunesse invite un conf\u00e9rencier reconnu pour ses travaux dans le champ de la jeunesse dans le cadre de s\u00e9minaires ouverts \u00e0 tous publics (chercheurs, \u00e9tudiants, acteurs de la jeunesse, grand public).<\/p><p><i>Quelques exemples d\u2019intervention : Patricia Loncle sur le th\u00e8me \u00ab\u00a0Les valeurs et les jeunes dans les politiques publiques en France : quand la polyphonie domine\u00a0\u00bb, L\u00e9a Lima sur le th\u00e8me \u00ab\u00a0L\u2019expertise sur autrui : la construction du jugement dans le cadre des commissions locales d\u2019attribution du FAJ\u00a0\u00bb, C\u00e9line <\/i><i>Roth\u00e9<\/i><i> sur le th\u00e8me \u00ab\u00a0Les jeunes en errance : effets et usages d\u2019une cat\u00e9gorie d\u2019action publique\u00a0\u00bb\u2026<\/i><\/p>\t\t\t\t\t\t\t\t<\/div>\n\t\t\t\t<\/div>\n\t\t\t\t<div class=\"elementor-element elementor-element-187859ce elementor-widget elementor-widget-spacer\" data-id=\"187859ce\" data-element_type=\"widget\" data-e-type=\"widget\" data-widget_type=\"spacer.default\">\n\t\t\t\t<div class=\"elementor-widget-container\">\n\t\t\t\t\t\t\t<div class=\"elementor-spacer\">\n\t\t\t<div class=\"elementor-spacer-inner\"><\/div>\n\t\t<\/div>\n\t\t\t\t\t\t<\/div>\n\t\t\t\t<\/div>\n\t\t\t\t<section class=\"elementor-section elementor-inner-section elementor-element elementor-element-77d4ed0c elementor-section-content-middle elementor-section-boxed elementor-section-height-default elementor-section-height-default\" data-id=\"77d4ed0c\" data-element_type=\"section\" data-e-type=\"section\" data-settings=\"{&quot;background_background&quot;:&quot;classic&quot;}\">\n\t\t\t\t\t\t<div class=\"elementor-container elementor-column-gap-narrow\">\n\t\t\t\t\t<div class=\"elementor-column elementor-col-50 elementor-inner-column elementor-element elementor-element-63681a4b\" data-id=\"63681a4b\" data-element_type=\"column\" data-e-type=\"column\">\n\t\t\t<div class=\"elementor-widget-wrap elementor-element-populated\">\n\t\t\t\t\t\t<div class=\"elementor-element elementor-element-31701e7 elementor-align-center elementor-widget elementor-widget-button\" data-id=\"31701e7\" data-element_type=\"widget\" data-e-type=\"widget\" data-widget_type=\"button.default\">\n\t\t\t\t<div class=\"elementor-widget-container\">\n\t\t\t\t\t\t\t\t\t<div class=\"elementor-button-wrapper\">\n\t\t\t\t\t<a class=\"elementor-button elementor-button-link elementor-size-xs\" href=\"https:\/\/recherche.ehesp.fr\/chaire-jeunesse\/category\/recherche\/conferences\/\">\n\t\t\t\t\t\t<span class=\"elementor-button-content-wrapper\">\n\t\t\t\t\t\t\t\t\t<span class=\"elementor-button-text\">Conf\u00e9rences de la Chaire de recherche sur la jeunesse<\/span>\n\t\t\t\t\t<\/span>\n\t\t\t\t\t<\/a>\n\t\t\t\t<\/div>\n\t\t\t\t\t\t\t\t<\/div>\n\t\t\t\t<\/div>\n\t\t\t\t\t<\/div>\n\t\t<\/div>\n\t\t\t\t<div class=\"elementor-column elementor-col-50 elementor-inner-column elementor-element elementor-element-15113296\" data-id=\"15113296\" data-element_type=\"column\" data-e-type=\"column\">\n\t\t\t<div class=\"elementor-widget-wrap elementor-element-populated\">\n\t\t\t\t\t\t<div class=\"elementor-element elementor-element-5bf04f9f elementor-align-center elementor-widget elementor-widget-button\" data-id=\"5bf04f9f\" data-element_type=\"widget\" data-e-type=\"widget\" data-widget_type=\"button.default\">\n\t\t\t\t<div class=\"elementor-widget-container\">\n\t\t\t\t\t\t\t\t\t<div class=\"elementor-button-wrapper\">\n\t\t\t\t\t<a class=\"elementor-button elementor-button-link elementor-size-xs\" href=\"https:\/\/recherche.ehesp.fr\/chaire-jeunesse\/category\/recherche\/colloques-et-journees-detude\/\">\n\t\t\t\t\t\t<span class=\"elementor-button-content-wrapper\">\n\t\t\t\t\t\t\t\t\t<span class=\"elementor-button-text\">Colloques et journ\u00e9es d'\u00e9tudes de la Chaire de recherche sur la jeunesse<\/span>\n\t\t\t\t\t<\/span>\n\t\t\t\t\t<\/a>\n\t\t\t\t<\/div>\n\t\t\t\t\t\t\t\t<\/div>\n\t\t\t\t<\/div>\n\t\t\t\t\t<\/div>\n\t\t<\/div>\n\t\t\t\t\t<\/div>\n\t\t<\/section>\n\t\t\t\t\t<\/div>\n\t\t<\/div>\n\t\t\t\t\t<\/div>\n\t\t<\/section>\n\t\t\t\t<\/div>\n\t\t","protected":false},"excerpt":{"rendered":"<p>Conf\u00e9rences de la Chaire de recherche sur la jeunesse Une fois par mois, la Chaire de recherche sur la jeunesse invite un conf\u00e9rencier reconnu pour ses travaux dans le champ de la jeunesse dans le cadre de s\u00e9minaires ouverts \u00e0 tous publics (chercheurs, \u00e9tudiants, acteurs de la jeunesse, grand public). Quelques exemples d\u2019intervention : Patricia [&hellip;]<\/p>\n","protected":false},"author":6,"featured_media":0,"parent":108,"menu_order":0,"comment_status":"closed","ping_status":"closed","template":"","meta":{"footnotes":""},"class_list":["post-145","page","type-page","status-publish","hentry"],"_links":{"self":[{"href":"https:\/\/recherche.ehesp.fr\/chaire-jeunesse\/wp-json\/wp\/v2\/pages\/145","targetHints":{"allow":["GET"]}}],"collection":[{"href":"https:\/\/recherche.ehesp.fr\/chaire-jeunesse\/wp-json\/wp\/v2\/pages"}],"about":[{"href":"https:\/\/recherche.ehesp.fr\/chaire-jeunesse\/wp-json\/wp\/v2\/types\/page"}],"author":[{"embeddable":true,"href":"https:\/\/recherche.ehesp.fr\/chaire-jeunesse\/wp-json\/wp\/v2\/users\/6"}],"replies":[{"embeddable":true,"href":"https:\/\/recherche.ehesp.fr\/chaire-jeunesse\/wp-json\/wp\/v2\/comments?post=145"}],"version-history":[{"count":20,"href":"https:\/\/recherche.ehesp.fr\/chaire-jeunesse\/wp-json\/wp\/v2\/pages\/145\/revisions"}],"predecessor-version":[{"id":1187,"href":"https:\/\/recherche.ehesp.fr\/chaire-jeunesse\/wp-json\/wp\/v2\/pages\/145\/revisions\/1187"}],"up":[{"embeddable":true,"href":"https:\/\/recherche.ehesp.fr\/chaire-jeunesse\/wp-json\/wp\/v2\/pages\/108"}],"wp:attachment":[{"href":"https:\/\/recherche.ehesp.fr\/chaire-jeunesse\/wp-json\/wp\/v2\/media?parent=145"}],"curies":[{"name":"wp","href":"https:\/\/api.w.org\/{rel}","templated":true}]}}