{"id":143,"date":"2017-09-22T17:14:51","date_gmt":"2017-09-22T15:14:51","guid":{"rendered":"https:\/\/recherche.ehesp.fr\/chaire-jeunesse\/?page_id=143"},"modified":"2017-10-23T01:17:05","modified_gmt":"2017-10-22T23:17:05","slug":"animation-du-reseau-de-chercheurs","status":"publish","type":"page","link":"https:\/\/recherche.ehesp.fr\/chaire-jeunesse\/recherche\/animation-du-reseau-de-chercheurs\/","title":{"rendered":"Animation d&rsquo;un r\u00e9seau de chercheur-e-s"},"content":{"rendered":"<h1><strong>Animation d\u2019un r\u00e9seau de chercheur-e-s<\/strong><\/h1>\n<p>La chaire de recherche sur la jeunesse souhaite f\u00e9d\u00e9rer et animer un r\u00e9seau de chercheurs autour des questions touchant \u00e0 la jeunesse.<\/p>\n<p>Ce r\u00e9seau est compos\u00e9 d\u2019une 60aine de chercheurs appartenant \u00e0 diff\u00e9rentes disciplines des sciences humaines et sociales (sociologie, sciences de l\u2019\u00e9ducation, droit, psychologie, sciences du langage, sciences \u00e9conomiques, sciences politiques, g\u00e9ographie, \u00e9pist\u00e9mologie, histoire, STAPS, marketing social, sant\u00e9 publique) et \u00e0 diverses institutions (Universit\u00e9 de Bretagne Occidentale, Universit\u00e9 de Rennes 1, Universit\u00e9 de Rennes 2, Universit\u00e9 de Bretagne Sud, EHESP, IUFM de Bretagne, IEP de Rennes, ASKORIA).<\/p>\n","protected":false},"excerpt":{"rendered":"<p>Animation d\u2019un r\u00e9seau de chercheur-e-s La chaire de recherche sur la jeunesse souhaite f\u00e9d\u00e9rer et animer un r\u00e9seau de chercheurs autour des questions touchant \u00e0 la jeunesse. Ce r\u00e9seau est compos\u00e9 d\u2019une 60aine de chercheurs appartenant \u00e0 diff\u00e9rentes disciplines des sciences humaines et sociales (sociologie, sciences de l\u2019\u00e9ducation, droit, psychologie, sciences du langage, sciences \u00e9conomiques, [&hellip;]<\/p>\n","protected":false},"author":6,"featured_media":0,"parent":108,"menu_order":0,"comment_status":"closed","ping_status":"closed","template":"","meta":{"footnotes":""},"class_list":["post-143","page","type-page","status-publish","hentry"],"_links":{"self":[{"href":"https:\/\/recherche.ehesp.fr\/chaire-jeunesse\/wp-json\/wp\/v2\/pages\/143","targetHints":{"allow":["GET"]}}],"collection":[{"href":"https:\/\/recherche.ehesp.fr\/chaire-jeunesse\/wp-json\/wp\/v2\/pages"}],"about":[{"href":"https:\/\/recherche.ehesp.fr\/chaire-jeunesse\/wp-json\/wp\/v2\/types\/page"}],"author":[{"embeddable":true,"href":"https:\/\/recherche.ehesp.fr\/chaire-jeunesse\/wp-json\/wp\/v2\/users\/6"}],"replies":[{"embeddable":true,"href":"https:\/\/recherche.ehesp.fr\/chaire-jeunesse\/wp-json\/wp\/v2\/comments?post=143"}],"version-history":[{"count":6,"href":"https:\/\/recherche.ehesp.fr\/chaire-jeunesse\/wp-json\/wp\/v2\/pages\/143\/revisions"}],"predecessor-version":[{"id":515,"href":"https:\/\/recherche.ehesp.fr\/chaire-jeunesse\/wp-json\/wp\/v2\/pages\/143\/revisions\/515"}],"up":[{"embeddable":true,"href":"https:\/\/recherche.ehesp.fr\/chaire-jeunesse\/wp-json\/wp\/v2\/pages\/108"}],"wp:attachment":[{"href":"https:\/\/recherche.ehesp.fr\/chaire-jeunesse\/wp-json\/wp\/v2\/media?parent=143"}],"curies":[{"name":"wp","href":"https:\/\/api.w.org\/{rel}","templated":true}]}}