{"id":113,"date":"2017-09-22T15:45:05","date_gmt":"2017-09-22T13:45:05","guid":{"rendered":"https:\/\/recherche.ehesp.fr\/chaire-jeunesse\/?page_id=113"},"modified":"2018-07-09T10:55:34","modified_gmt":"2018-07-09T08:55:34","slug":"publications-communications","status":"publish","type":"page","link":"https:\/\/recherche.ehesp.fr\/chaire-jeunesse\/recherche\/publications-communications\/","title":{"rendered":"Publications et communications scientifiques"},"content":{"rendered":"<h1><strong>Publications et communications scientifiques<\/strong><\/h1>\n<p>Ces publications sur la jeunesse et les politiques de jeunesse en France, en Europe et \u00e0 l\u2019\u00e9chelon international sont de 2 ordres :<\/p>\n<ul>\n<li>des publications acad\u00e9miques en langue anglaise et fran\u00e7aise chez des \u00e9diteurs ou dans des revues \u00e0 comit\u00e9 de lecture<\/li>\n<li>des publications en direction des professionnels pour diffuser les connaissances au-del\u00e0 du cercle des chercheurs<\/li>\n<\/ul>\n<p>&nbsp;<\/p>\n<h2><strong>Ouvrages scientifiques<\/strong><\/h2>\n<ul>\n<li>Patricia Loncle (dir.), <em>\u00ab<a href=\"https:\/\/www.presses.ehesp.fr\/produit\/leurope-de-jeunesse\/\" target=\"_blank\" rel=\"noopener\"> L&rsquo;Europe de la jeunesse : Enjeux et pratiques des politiques publiques<\/a> \u00bb, <\/em>Rennes, Presses de l&rsquo;EHESP, octobre 2017.<\/li>\n<li>Isabelle Danic et Patricia Loncle (dir.), <em>\u00ab <a href=\"http:\/\/www.pur-editions.fr\/detail.php?idOuv=4436\" target=\"_blank\" rel=\"noopener\">Les labyrinthes de verre : Les trajectoires \u00e9ducatives en France dans un contexte europ\u00e9en<\/a> \u00bb<\/em>, Rennes, Presses Universitatires de Rennes, juillet 2017.<\/li>\n<\/ul>\n<h2><strong>Publications <\/strong><strong>r\u00e9centes<\/strong><\/h2>\n<ul>\n<li>Le Trividic Harrache Lila, (2017). \u00ab\u00a0<a href=\"http:\/\/www.emeraldinsight.com\/doi\/pdfplus\/10.1108\/JOE-03-2017-0017\" target=\"_blank\" rel=\"noopener\">How did I become an abductive ethnographer? Reflections on an investigation journey<\/a>\u00a0\u00bb, <em>Journal of Organizational Ethnography<\/em>, Vol. 6 Issue: 2, p 129-143<\/li>\n<li>Eric Le Grand et Ya\u00eblle Amsellem-Mainguy<strong>, <\/strong>\u00ab\u00a0<em><a href=\"http:\/\/www.injep.fr\/boutique\/cahiers-de-laction-jeunesses-pratiques-et-territoires\/education-pour-la-sante-des-jeunes-la-prevention-par-les-pairs\/344.html\" target=\"_blank\" rel=\"noopener\">Education pour la sant\u00e9 des jeunes \u2013 La pr\u00e9vention par les pairs<\/a>\u00ab\u00a0<\/em> , Cahiers de l\u2019action n\u00b043, INJEP, d\u00e9cembre 2014.<\/li>\n<li>Marie Dumollard et Patricia Loncle, \u00ab\u00a0<em>politiques locales de jeunesse et transversalit\u00e9: quels apports pour les territoires ?<\/em>\u00a0\u00bb in \u00ab\u00a0<em>Parcours de jeunes et territoires. Rapport de l\u2019Observatoire de la jeunesse 2014<\/em>\u00a0\u00bb Francine Labadie (dir.), INJEP, La documentation Fran\u00e7aise, Paris, p. 238-251.<\/li>\n<li>Virginie Muniglia et C\u00e9line Roth\u00e9, \u00ab\u00a0<a class=\"external\" title=\"Parcours de jeunes en grande difficult\u00e9 : \u00e0 l\u2019interaction des logiques d\u2019intervention professionnelles et des usages juv\u00e9niles de l\u2019aide sociale\" href=\"http:\/\/www.erudit.org\/revue\/lsp\/2013\/v\/n70\/1021161ar.pdf\" target=\"_blank\" rel=\"noopener\">Parcours de jeunes en grande difficult\u00e9 : \u00e0 l\u2019interaction des logiques d\u2019intervention professionnelles et des usages juv\u00e9niles de l\u2019aide sociale\u00a0\u00bb<\/a>, <em>Lien social et Politiques<\/em>, n\u00b070, 2013, p. 153 \u00e0 169.<\/li>\n<li>Virginie Muniglia et C\u00e9line Roth\u00e9, \u00ab\u00a0<em><a title=\"Parcours de marginalisation de jeunes en rupture chronique : l\u2019importance des autrui significatifs dans le recours \u00e0 l\u2019aide sociale\" href=\"http:\/\/www.cairn.info\/resume.php?ID_ARTICLE=RFAS_125_0076\" target=\"_blank\" rel=\"noopener\">Parcours de marginalisation de jeunes en rupture chronique : l\u2019importance des autrui significatifs dans le recours \u00e0 l\u2019aide sociale<\/a><\/em>\u00ab\u00a0, Revue fran\u00e7aise des affaires sociales, 1-2, 2013, p. 76-95.<\/li>\n<li>Patricia Loncle,\u00a0<em><a title=\"Jeunes et politiques publiques : des d\u00e9calages croissants \" href=\"http:\/\/www.cairn.info\/resume.php?ID_ARTICLE=AGORA_064_0007\" target=\"_blank\" rel=\"noopener\">Jeunes et politiques publiques : des d\u00e9calages croissants<\/a><\/em>, dans la revue Agora D\u00e9bats\/Jeunesses, Paris : Presses de SciencesPo\/INJEP, n\u00b064, 2013, pp. 7\u201118.<\/li>\n<li>Val\u00e9rie Becquet, Patricia Loncle, C\u00e9cile Van de Velde (dir.),\u00a0<a title=\"Politiques de jeunesse : le grand malentendu\" href=\"http:\/\/www.champsocial.com\/book-politiques_de_jeunesse_le_grand_malentendu,755.html?%20champsocial_panier=679b163dfe97a2d727d204f76e377930\" target=\"_blank\" rel=\"noopener\"><em>Politiques de jeunesse : le grand malentendu<\/em><\/a>, N\u00eemes, Champ social, 2012.<\/li>\n<li>Patricia Loncle, Morena Cuconato, Virginie Muniglia, Andreas Walther (eds),\u00a0<a title=\"Youth participation in Europe\" href=\"http:\/\/www.policypress.co.uk\/display.asp?K=9781447300182&amp;dtspan=0:90&amp;ds=Forthcoming%20Titles&amp;m=20&amp;dc=20\" target=\"_blank\" rel=\"noopener\"><em>Youth participation in Europe, beyond discourses, realities and practices of participation<\/em><\/a>, Bristol, The Policy Press, 2012.<\/li>\n<li>Le\u00a0<a title=\"n\u00b062 agora\" href=\"http:\/\/www.cairn.info\/revue-agora-debats-jeunesses-2012-3.htm\" target=\"_blank\" rel=\"noopener\">n\u00b062 d\u2019<em>Agora\/d\u00e9bats jeunesse<\/em><\/a>, revue interdisciplinaire \u00e0 comit\u00e9 de lecture de l\u2019INJEP, publi\u00e9e par les Presses de sciences po, paru en octobre 2012, et consacr\u00e9 \u00e0 \u00ab\u00a0La prise en charge des jeunes vuln\u00e9rables\u00a0\u00bb. Le num\u00e9ro est coordonn\u00e9 par Patricia Loncle et Olivier Douard.<\/li>\n<li>Le n\u00b070 de\u00a0<em>Lien social et politiques<\/em>, revue interdisciplinaire, franco-qu\u00e9b\u00e9coise, \u00e0 comit\u00e9 de lecture. Il constituera le num\u00e9ro de l\u2019automne 2013 ou du printemps 2014. Le num\u00e9ro est coordonn\u00e9 par Patricia Loncle et C\u00e9line B\u00e9lot. Son titre provisoire est \u00ab\u00a0Modes de vie et accompagnements des jeunes en difficult\u00e9 sociale\u00a0\u00bb.<\/li>\n<\/ul>\n<h2><strong>Communications r\u00e9centes<\/strong><\/h2>\n<ul>\n<li>Le Trividic Harrache Lila,\u00a0\u00ab <a href=\"https:\/\/recherche.ehesp.fr\/chaire-jeunesse\/2017\/09\/29\/prendre-en-compte-les-eleves-dans-leur-globalite\/\" target=\"_blank\" rel=\"noopener\">Prendre en compte les \u00e9l\u00e8ves dans leur \u00ab globalit\u00e9 \u00bb ? Tensions autour des usages de la vie priv\u00e9e des jeunes dans la gestion des probl\u00e8mes scolaires au lyc\u00e9e<\/a>.\u00bb, Cycle de conf\u00e9rences sur le D\u00e9crochage scolaire &#8211; R\u00e9gion Bretagne, le 28 septembre 2017, \u00e0 Saint-Brieuc<\/li>\n<li>Grimault-Leprince Agn\u00e8s, Le Trividic Harrache Lila et N\u00e9d\u00e9lec Rozenn, \u00ab\u00a0<a href=\"https:\/\/qdvecole.sciencesconf.org\/data\/pages\/Livret_du_colloque_24_05_2017.pdf\" target=\"_blank\" rel=\"noopener\">L&rsquo;exp\u00e9rience lyc\u00e9enne des \u00e9l\u00e8ves \u00e0 faible r\u00e9seau amical. Analyses \u00e0 partir d&rsquo;une enqu\u00eate par questionnaire sur le bien(mal)\u2010\u00eatre des lyc\u00e9ens<\/a>\u00a0\u00bb, Colloque Qualit\u00e9 de vie \u00e0 l\u2019\u00e9cole, Nantes, juin 2017.<\/li>\n<li>Le Trividic Harrache Lila, \u00ab<a href=\"https:\/\/jepgor.files.wordpress.com\/2016\/07\/ethsym-2016-draft-timetable-for-circulation.pdf\" target=\"_blank\" rel=\"noopener\">\u00a0Pupils with \u2018personal history\u2019 as a public action category. An ethnography of professional uses in French upper secondary education<\/a> \u00bb. Oxford Ethnography and Education Conference (Royaume-Uni), septembre 2016.<\/li>\n<li>Le Trividic Harrache Lila,\u00a0\u00ab <a href=\"http:\/\/www.ethnographyandeducation.org\/conferences\/wp-content\/uploads\/2016\/04\/EandE-Abstracts-9-6-16.pdf\" target=\"_blank\" rel=\"noopener\">Reaching reason through emotions? An ethnography of the professional uses of the category \u2018pupils with personal history\u2019 in French upper secondary education\u00a0<\/a> \u00bb. 11th Ethnography Symposium, University of West England, Bristol (Royaume-Uni), ao\u00fbt 2016.<\/li>\n<li>Le Trividic Harrache Lila, Muniglia Virginie et Roth\u00e9 C\u00e9line, \u00ab <a href=\"https:\/\/www.wu.ac.at\/fileadmin\/wu\/d\/i\/sozio\/Dateien_zu_News\/Program_Symposium_January2016update.pdf\" target=\"_blank\" rel=\"noopener\">Building the bond. How French education staff and social workers manage \u2018unwilling clients<\/a> \u00bb. Symposium \u201cState, Work and Affects\u201d, Vienne (Autriche), janvier 2016.<\/li>\n<li>Patricia Loncle, \u00ab\u00a0Trajectoires scolaires des adolescents en Europe : accompagnements et strat\u00e9gies de \u201ccoping\u201d\u00a0\u00bb dans le cadre du colloque\u00a0<a title=\"Les adolescents : probl\u00e9matiques d\u2019individuation et d\u2019acc\u00e8s \u00e0 l\u2019\u00e2ge adulte\" href=\"http:\/\/www.strategie.gouv.fr\/blog\/2013\/11\/colloque-les-adolescents-problematiques-dindividuation-et-dacces-lage-adulte\/\" target=\"_blank\" rel=\"noopener\">Les adolescents : probl\u00e9matiques d\u2019individuation et d\u2019acc\u00e8s \u00e0 l\u2019\u00e2ge adulte<\/a>\u00a0organis\u00e9 par le Commissariat g\u00e9n\u00e9ral \u00e0 la strat\u00e9gie et \u00e0 la prospective, le 3 d\u00e9cembre 2013, \u00e0 Paris.<\/li>\n<li>Patricia Loncle et Virginie Muniglia, \u00ab Les jeunes vuln\u00e9rables face au syst\u00e8me d\u2019aide \u00bb dans le cadre du colloque \u00ab\u00a0<a title=\"Vuln\u00e9rabilit\u00e9s sanitaires et sociales, bilan et perspectives\" href=\"http:\/\/www.agence-nationale-recherche.fr\/colloques\/vulnerabilites-sanitaires-et-sociales-bilan-et-perspectives\/presentation\/\" target=\"_blank\" rel=\"noopener\">Vuln\u00e9rabilit\u00e9s sanitaires et sociales, bilan et perspectives<\/a>\u00a0\u00bb organis\u00e9 par l\u2019Agence nationale de la recherche, \u00e0 Paris, le 15 novembre 2013.<\/li>\n<li>Patricia Loncle, \u00ab\u00a0<a title=\"les jeunes vun\u00e9rables et le syst\u00e8me d'aide publique\" href=\"http:\/\/www.oned.gouv.fr\/node\/4091\" target=\"_blank\" rel=\"noopener\">Les jeunes vuln\u00e9rables et le syst\u00e8me d\u2019aide publique<\/a>\u00a0\u00bb lors de la Journ\u00e9e d\u2019\u00e9tude internationale INTRAC : La transition \u00e0 l\u2019\u00e2ge adulte apr\u00e8s une mesure de protection, \u00e0 Paris, le 10 octobre 2013.<\/li>\n<li>Patricia Loncle, \u00ab\u00a0<em>La diversit\u00e9 des valeurs des politiques publiques s\u2019adressant \u00e0 la jeunesse : quelles cons\u00e9quences pour la prise en compte sociale de cette population ?<\/em>\u00a0\u00bb, RT jeunesse et GT justice sociale, Congr\u00e8s de l\u2019Association fran\u00e7aise de sociologie, Nantes, 3 septembre 2013.<\/li>\n<li>Virginie Muniglia et C\u00e9line Roth\u00e9, \u00ab\u00a0<em>Les parcours des jeunes vuln\u00e9rables au sein du syst\u00e8me d\u2019aide, une construction \u00e0 l\u2019interaction des logiques d\u2019intervention professionnelles et des logiques de recours \u00e0 l\u2019aide sociale<\/em>\u00ab\u00a0,\u00a0<a title=\"Colloque Formes et conditions de sortie de la vuln\u00e9rabilit\u00e9 sociale en milieux populaires \" href=\"http:\/\/fcsvmp.hypotheses.org\/deroulement\/programme-detaille\" target=\"_blank\" rel=\"noopener\">Colloque Formes et conditions de sortie de la vuln\u00e9rabilit\u00e9 sociale en milieux populaires<\/a><i>,<\/i>\u00a0Universit\u00e9 Lyon 2, 05 juin 2013.<\/li>\n<li>Martin Goyette et Patricia Loncle, \u00ab\u00a0<em>Le territoire comme modalit\u00e9 de mise en \u0153uvre de l\u2019action publique au Qu\u00e9bec et en France ? Le cas des politiques \u00e0 l\u2019\u00e9gard de la jeunesse<\/em>\u00ab\u00a0,\u00a0<a title=\"Colloque international Les territoires v\u00e9cus de l\u2019intervention sociale\" href=\"http:\/\/www.territoires-vecus.uvsq.fr\/bienvenue-sur-le-site-du-colloque-249887.kjsp?RH=1355755426880&amp;RF=1355755426880\" target=\"_blank\" rel=\"noopener\">Colloque international Les territoires v\u00e9cus de l\u2019intervention sociale<\/a><i><\/i>, Universit\u00e9 de Versailles Saint-Quentin-en-Yvelines, 26 mars 2013.<\/li>\n<\/ul>\n","protected":false},"excerpt":{"rendered":"<p>Publications et communications scientifiques Ces publications sur la jeunesse et les politiques de jeunesse en France, en Europe et \u00e0 l\u2019\u00e9chelon international sont de 2 ordres : des publications acad\u00e9miques en langue anglaise et fran\u00e7aise chez des \u00e9diteurs ou dans des revues \u00e0 comit\u00e9 de lecture des publications en direction des professionnels pour diffuser les [&hellip;]<\/p>\n","protected":false},"author":6,"featured_media":0,"parent":108,"menu_order":0,"comment_status":"closed","ping_status":"closed","template":"","meta":{"footnotes":""},"class_list":["post-113","page","type-page","status-publish","hentry"],"_links":{"self":[{"href":"https:\/\/recherche.ehesp.fr\/chaire-jeunesse\/wp-json\/wp\/v2\/pages\/113","targetHints":{"allow":["GET"]}}],"collection":[{"href":"https:\/\/recherche.ehesp.fr\/chaire-jeunesse\/wp-json\/wp\/v2\/pages"}],"about":[{"href":"https:\/\/recherche.ehesp.fr\/chaire-jeunesse\/wp-json\/wp\/v2\/types\/page"}],"author":[{"embeddable":true,"href":"https:\/\/recherche.ehesp.fr\/chaire-jeunesse\/wp-json\/wp\/v2\/users\/6"}],"replies":[{"embeddable":true,"href":"https:\/\/recherche.ehesp.fr\/chaire-jeunesse\/wp-json\/wp\/v2\/comments?post=113"}],"version-history":[{"count":19,"href":"https:\/\/recherche.ehesp.fr\/chaire-jeunesse\/wp-json\/wp\/v2\/pages\/113\/revisions"}],"predecessor-version":[{"id":1427,"href":"https:\/\/recherche.ehesp.fr\/chaire-jeunesse\/wp-json\/wp\/v2\/pages\/113\/revisions\/1427"}],"up":[{"embeddable":true,"href":"https:\/\/recherche.ehesp.fr\/chaire-jeunesse\/wp-json\/wp\/v2\/pages\/108"}],"wp:attachment":[{"href":"https:\/\/recherche.ehesp.fr\/chaire-jeunesse\/wp-json\/wp\/v2\/media?parent=113"}],"curies":[{"name":"wp","href":"https:\/\/api.w.org\/{rel}","templated":true}]}}