{"id":104,"date":"2017-09-22T15:39:35","date_gmt":"2017-09-22T13:39:35","guid":{"rendered":"https:\/\/recherche.ehesp.fr\/chaire-jeunesse\/?page_id=104"},"modified":"2017-12-19T17:47:09","modified_gmt":"2017-12-19T16:47:09","slug":"echanges-avec-les-acteurs","status":"publish","type":"page","link":"https:\/\/recherche.ehesp.fr\/chaire-jeunesse\/travaux-en-cours\/echanges-avec-les-acteurs\/","title":{"rendered":"\u00c9changes avec les acteurs-trices"},"content":{"rendered":"<h2>\u00c9changes avec les \u00e9lu-e-s, les professionnel-le-s, la population et les jeunes<\/h2>\n<p>Cette activit\u00e9 prend place dans les territoires par l\u2019organisation de manifestations diverses (d\u00e9bats publics, ateliers th\u00e9matiques, groupes de r\u00e9flexion, formations\u2026) avec pour objectifs de co-construire des connaissances afin de mieux accompagner les jeunes.<\/p>\n<blockquote class=\"top-quote\"><p>Ces diff\u00e9rents acteurs-trices de la jeunesse se r\u00e9unissent au sein du <strong>Comit\u00e9 d\u2019orientation<\/strong> qui les r\u00e9unit une fois par an afin de partager leurs enjeux et pr\u00e9occupations et proposer des orientations pour la Chaire de recherche sur la jeunesse. Le 2\u00e8me comit\u00e9 d\u2019orientation s&rsquo;est r\u00e9unit le <em>17 d\u00e9cembre 2013<\/em> et\u00a0 a propos\u00e9 des regards crois\u00e9s autour de 3 th\u00e9matiques :<\/p>\n<ul>\n<li>La participation des jeunes : le non recours aux dispositifs institutionnels<\/li>\n<li>La coop\u00e9ration territoriale : enjeux, leviers et freins<\/li>\n<li>La coordination jeunesse : un nouveau m\u00e9tier au service des jeunes, quelles m\u00e9thodes, quels outils d\u2019intervention ?<\/li>\n<\/ul>\n<p><a title=\"Acc\u00e9dez aux comptes-rendus des rencontres du Comit\u00e9 d\u2019orientation\" href=\"https:\/\/recherche.ehesp.fr\/chaire-jeunesse\/presentation\/gouvernance\/comite-dorientation\/\" target=\"_blank\" rel=\"noopener\">Acc\u00e9dez aux comptes-rendus des rencontres du Comit\u00e9 d\u2019orientation<\/a><\/p><\/blockquote>\n<p><a title=\"Actualit\u00e9 des \u00e9changes avec les \u00e9lus, les professionnels, la population et les jeunes\" href=\"https:\/\/recherche.ehesp.fr\/chaire-jeunesse\/category\/echanges\/\" target=\"_blank\" rel=\"noopener\">Actualit\u00e9 des \u00e9changes avec les \u00e9lu-e-s, les professionnel-le-s, la population et les jeunes<\/a><\/p>\n","protected":false},"excerpt":{"rendered":"<p>\u00c9changes avec les \u00e9lu-e-s, les professionnel-le-s, la population et les jeunes Cette activit\u00e9 prend place dans les territoires par l\u2019organisation de manifestations diverses (d\u00e9bats publics, ateliers th\u00e9matiques, groupes de r\u00e9flexion, formations\u2026) avec pour objectifs de co-construire des connaissances afin de mieux accompagner les jeunes. Ces diff\u00e9rents acteurs-trices de la jeunesse se r\u00e9unissent au sein du [&hellip;]<\/p>\n","protected":false},"author":6,"featured_media":0,"parent":88,"menu_order":0,"comment_status":"closed","ping_status":"closed","template":"","meta":{"footnotes":""},"class_list":["post-104","page","type-page","status-publish","hentry"],"_links":{"self":[{"href":"https:\/\/recherche.ehesp.fr\/chaire-jeunesse\/wp-json\/wp\/v2\/pages\/104","targetHints":{"allow":["GET"]}}],"collection":[{"href":"https:\/\/recherche.ehesp.fr\/chaire-jeunesse\/wp-json\/wp\/v2\/pages"}],"about":[{"href":"https:\/\/recherche.ehesp.fr\/chaire-jeunesse\/wp-json\/wp\/v2\/types\/page"}],"author":[{"embeddable":true,"href":"https:\/\/recherche.ehesp.fr\/chaire-jeunesse\/wp-json\/wp\/v2\/users\/6"}],"replies":[{"embeddable":true,"href":"https:\/\/recherche.ehesp.fr\/chaire-jeunesse\/wp-json\/wp\/v2\/comments?post=104"}],"version-history":[{"count":14,"href":"https:\/\/recherche.ehesp.fr\/chaire-jeunesse\/wp-json\/wp\/v2\/pages\/104\/revisions"}],"predecessor-version":[{"id":1319,"href":"https:\/\/recherche.ehesp.fr\/chaire-jeunesse\/wp-json\/wp\/v2\/pages\/104\/revisions\/1319"}],"up":[{"embeddable":true,"href":"https:\/\/recherche.ehesp.fr\/chaire-jeunesse\/wp-json\/wp\/v2\/pages\/88"}],"wp:attachment":[{"href":"https:\/\/recherche.ehesp.fr\/chaire-jeunesse\/wp-json\/wp\/v2\/media?parent=104"}],"curies":[{"name":"wp","href":"https:\/\/api.w.org\/{rel}","templated":true}]}}