{"id":102,"date":"2017-09-22T15:38:53","date_gmt":"2017-09-22T13:38:53","guid":{"rendered":"https:\/\/recherche.ehesp.fr\/chaire-jeunesse\/?page_id=102"},"modified":"2017-12-20T11:05:14","modified_gmt":"2017-12-20T10:05:14","slug":"projets-de-recherche-et-etude","status":"publish","type":"page","link":"https:\/\/recherche.ehesp.fr\/chaire-jeunesse\/travaux-en-cours\/projets-de-recherche-et-etude\/","title":{"rendered":"Projets de recherche et d&rsquo;\u00e9tude"},"content":{"rendered":"<ul>\n<li><img decoding=\"async\" class=\" wp-image-417 alignright\" src=\"https:\/\/recherche.ehesp.fr\/chaire-jeunesse\/wp-content\/uploads\/sites\/4\/2017\/09\/MariePILLET-DRJSCS-Bretagne1-250x167.jpg\" alt=\"\" width=\"203\" height=\"135\" \/>Des <strong>projets de recherche acad\u00e9mique<\/strong> labellis\u00e9s par les instances de la recherche nationale ou europ\u00e9enne<\/li>\n<li>Des <strong>projets d\u2019\u00e9tude<\/strong> (\u00e9change de pratiques, \u00e9valuation, expertise, accompagnement de projets complexes, modalit\u00e9s d\u2019accompagnement des jeunes, recherche-action, exp\u00e9rimentation) en lien \u00e9troit avec les nouvelles pratiques professionnelles ou sur des sujets \u00e9mergents qui int\u00e9ressent les pouvoirs publics<\/li>\n<\/ul>\n<p>&nbsp;<\/p>\n<h2>Projets en cours<\/h2>\n<h3><strong>PARTISPACE<\/strong> &#8211;\u00a0<a href=\"http:\/\/www.partispace.eu\" target=\"_blank\" rel=\"noopener\">Espaces et styles de participation (PARTISPACE), modalit\u00e9s de participation formelle, non-formelle, informelle des jeunes dans les villes europ\u00e9ennes<\/a> \u2013 <em>Spaces and Styles of Participation (PARTISPACE). Formal, non-formal and informal possibilities of young people\u2019s participation in European cities <\/em>(mai 2015 \u2013 avril 2018)<\/h3>\n<p><strong><a href=\"http:\/\/www.partispace.eu\/\" target=\"_blank\" rel=\"noopener\"><img fetchpriority=\"high\" decoding=\"async\" class=\"wp-image-419 size-full alignleft\" src=\"https:\/\/recherche.ehesp.fr\/chaire-jeunesse\/wp-content\/uploads\/sites\/4\/2017\/09\/1-logo-trasp-color-e1508709528821.png\" alt=\"\" width=\"310\" height=\"212\" \/><\/a><br \/>\n<\/strong><strong>Objectif : <\/strong>d\u00e9velopper une analyse comparative de la mani\u00e8re dont les jeunes dans huit villes d\u2019Europe peuvent participer activement aux d\u00e9cisions \u00ab qui les concernent et, plus g\u00e9n\u00e9ralement, \u00e0 la vie de leurs communaut\u00e9s \u00bb.<\/p>\n<p><strong>Financeur :<\/strong> Ce projet de recherche est financ\u00e9 par la Commission Europ\u00e9enne dans le cadre du programme \u00ab\u00a0Horizon 2020\u00a0\u00bb, programme europ\u00e9en pour la recherche et l\u2019innovation, appels d\u2019offre H2020-YOUNG-5a-2014 : engagement politique et soci\u00e9tal des jeunes et leur perspectives en Europe.<\/p>\n<p><a href=\"https:\/\/www.ehesp.fr\/wp-content\/uploads\/2012\/11\/Pr%C3%A9sentation-de-PARTISPACE.pdf\" target=\"_blank\" rel=\"noopener\">T\u00e9l\u00e9chargez la fiche descriptive du projet<\/a> (pdf, 117 ko)<\/p>\n<p><em>Site internet : <\/em><a href=\"http:\/\/www.partispace.eu\" target=\"_blank\" rel=\"noopener\"><em>http:\/\/www.partispace.eu<\/em><\/a><\/p>\n<p>&nbsp;<\/p>\n<h3><strong>JETTT<\/strong> &#8211;\u00a0<a href=\"http:\/\/www.jettt.org\" target=\"_blank\" rel=\"noopener\">Jeunes en TTTrans \u2013 Tranversalit\u00e9, transitions, transformations<\/a> \u2013 Recherche-action coordonn\u00e9e par l\u2019\u00e9quipe de la Chaire de recherche sur la jeunesse de l\u2019EHESP (janvier 2016-d\u00e9cembre 2020)<\/h3>\n<p><img decoding=\"async\" class=\"size-medium wp-image-1232 alignleft\" src=\"https:\/\/recherche.ehesp.fr\/chaire-jeunesse\/wp-content\/uploads\/sites\/4\/2017\/12\/JeTTT-3-couleurs-baseline-01-300x143.jpg\" alt=\"\" width=\"300\" height=\"143\" srcset=\"https:\/\/recherche.ehesp.fr\/chaire-jeunesse\/wp-content\/uploads\/sites\/4\/2017\/12\/JeTTT-3-couleurs-baseline-01-300x143.jpg 300w, https:\/\/recherche.ehesp.fr\/chaire-jeunesse\/wp-content\/uploads\/sites\/4\/2017\/12\/JeTTT-3-couleurs-baseline-01-768x367.jpg 768w, https:\/\/recherche.ehesp.fr\/chaire-jeunesse\/wp-content\/uploads\/sites\/4\/2017\/12\/JeTTT-3-couleurs-baseline-01-1024x490.jpg 1024w, https:\/\/recherche.ehesp.fr\/chaire-jeunesse\/wp-content\/uploads\/sites\/4\/2017\/12\/JeTTT-3-couleurs-baseline-01.jpg 1098w\" sizes=\"(max-width: 300px) 100vw, 300px\" \/><strong>Object<\/strong><strong>if :<\/strong> mettre en \u0153uvre une recherche-action visant au d\u00e9veloppement de politiques locales int\u00e9gr\u00e9es de jeunesse dans trois territoires bretons (les quartiers de Kerv\u00e9nanec et de Bois-du-Ch\u00e2teau \u00e0 Lorient, Morlaix communaut\u00e9 et Bretagne porte de Loire Communaut\u00e9\u00a0). Il s\u2019agira \u00e0 travers ce projet de s\u2019appuyer sur l\u2019ensemble des acteurs publics, priv\u00e9s et associatifs (y compris les jeunes) s\u2019adressant \u00e0 la jeunesse dans les trois territoires pour proposer d\u2019agir \u00e0 partir des m\u00eames \u00e9l\u00e9ments de diagnostic et des m\u00eames valeurs d\u2019intervention pour mettre en \u0153uvre des politiques locales de jeunesse int\u00e9gr\u00e9es (c\u2019est-\u00e0-dire \u00e0 la fois intersectorielles et en intercession territoriale) comprenant des objectifs coh\u00e9rents et convergents d\u2019accompagnement des jeunes dans leurs transitions vers l\u2019\u00e2ge adulte.<\/p>\n<p><strong>Financeur :<\/strong> Le projet est financ\u00e9 \u00e0 50% par le Commissariat g\u00e9n\u00e9ral \u00e0 l\u2019investissement (CGI). Les trois collectivit\u00e9s territoriales concern\u00e9es contribueront \u00e9galement au financement des exp\u00e9rimentations.<\/p>\n<p><a href=\"https:\/\/www.ehesp.fr\/wp-content\/uploads\/2012\/11\/fiche_presentation_JETTT.pdf\" target=\"_blank\" rel=\"noopener\">T\u00e9l\u00e9chargez la fiche descriptive du projet Jeunes en TTrans<\/a> (pdf, 40 ko)<\/p>\n<p><em>Site internet : <\/em><a href=\"http:\/\/www.jettt.org\" target=\"_blank\" rel=\"noopener\"><em>http:\/\/www.jettt.org<\/em><\/a><\/p>\n<p>&nbsp;<\/p>\n<h3><strong>REVERSEJ<\/strong> :\u00a0\u00ab\u00a0R\u00e9versibilit\u00e9 et irr\u00e9versibilit\u00e9 dans les trajectoires de d\u00e9cohabitation des jeunes adultes\u00a0\u00bb\u00a0(janvier 2016-juin 2018)<\/h3>\n<p><strong>Objectif :<\/strong> \u00c9tudier les trajectoires et les exp\u00e9riences v\u00e9cues des jeunes qui, apr\u00e8s une premi\u00e8re exp\u00e9rience de d\u00e9cohabitation du foyer parental, ont vu leur ind\u00e9pendance r\u00e9sidentielle remise en question, en croisant leur exp\u00e9rience avec celle de leurs parents.<\/p>\n<p><strong>Financeur\u00a0:<\/strong> DREES, dans le cadre des post-enqu\u00eates qualitatives associ\u00e9es \u00e0 l\u2019enqu\u00eate nationale sur les ressources des jeunes \u2013 ENRJ 2014.<\/p>\n<p><a href=\"https:\/\/www.ehesp.fr\/wp-content\/uploads\/2012\/11\/Fiche-de-pr%C3%A9sentation-REVERSEJ.pdf\" target=\"_blank\" rel=\"noopener\">T\u00e9l\u00e9chargez la fiche descriptive du projet REVERSEJ<\/a> (pdf, 25 ko)<\/p>\n<p>&nbsp;<\/p>\n<h3><strong>O.S.C.<\/strong> :\u00a0\u00ab \u00c9tude comparative entre plusieurs modalit\u00e9s de dialogues jeunes \/ \u00e9lu-e-s \u00bb\u00a0(octobre 2017-ao\u00fbt 2019)<\/h3>\n<p><strong>Objectif : <\/strong>Dans le cadre de la chaire jeunesse, plusieurs projets et sollicitations portent sur le dialogue entre jeunes (qu\u2019ils soient structur\u00e9s en association ou non), et \u00e9lu-e-s :<\/p>\n<ul>\n<li>Travail, Amis, Party ! &#8211; Dialogue structur\u00e9 &#8211; ERASMUS+\n<ul>\n<li><em>Site internet : <a href=\"http:\/\/www.travailamisparty.bzh\/\" target=\"_blank\" rel=\"noopener\">http:\/\/www.travailamisparty.bzh\/<\/a><\/em><\/li>\n<\/ul>\n<\/li>\n<li>Le CRI! &#8211; Projet consistant \u00e0 identifier les organisations de jeunes, afin de co-construire avec eux diff\u00e9rents outils de dialogue.<\/li>\n<li>Fabrique ta ville &#8211; Projet port\u00e9 par la ville de Rennes, sur l\u2019organisation de rencontres avec les jeunes.<\/li>\n<\/ul>\n<p>D\u2019une fa\u00e7on plus g\u00e9n\u00e9rale, ces projets\u00a0 interpellent aussi 3 niveaux de r\u00e9flexions\u00a0:<\/p>\n<ul>\n<li>La posture des \u00e9lus (municipaux, r\u00e9gionaux)<\/li>\n<li>La posture des jeunes,<\/li>\n<li>La posture des professionnels et donc des mouvements d\u2019\u00e9ducation populaire.<\/li>\n<\/ul>\n<p><strong>Financeur\u00a0:<\/strong> Financement interne, Agence ERASMUS+, Ville de Rennes.<\/p>\n<h2>Archives<\/h2>\n<p><a href=\"https:\/\/recherche.ehesp.fr\/chaire-jeunesse\/travaux-en-cours\/projets-de-recherche-et-etude\/archives-projets\/\" target=\"_blank\" rel=\"noopener\">D\u00e9couvrez les archives des projets de recherche et d&rsquo;\u00e9tude<\/a><\/p>\n<p>&nbsp;<\/p>\n<p>&nbsp;<\/p>\n","protected":false},"excerpt":{"rendered":"<p>Des projets de recherche acad\u00e9mique labellis\u00e9s par les instances de la recherche nationale ou europ\u00e9enne Des projets d\u2019\u00e9tude (\u00e9change de pratiques, \u00e9valuation, expertise, accompagnement de projets complexes, modalit\u00e9s d\u2019accompagnement des jeunes, recherche-action, exp\u00e9rimentation) en lien \u00e9troit avec les nouvelles pratiques professionnelles ou sur des sujets \u00e9mergents qui int\u00e9ressent les pouvoirs publics &nbsp; Projets en cours [&hellip;]<\/p>\n","protected":false},"author":6,"featured_media":0,"parent":88,"menu_order":0,"comment_status":"closed","ping_status":"closed","template":"portfolio-three-column-text.php","meta":{"footnotes":""},"class_list":["post-102","page","type-page","status-publish","hentry"],"_links":{"self":[{"href":"https:\/\/recherche.ehesp.fr\/chaire-jeunesse\/wp-json\/wp\/v2\/pages\/102","targetHints":{"allow":["GET"]}}],"collection":[{"href":"https:\/\/recherche.ehesp.fr\/chaire-jeunesse\/wp-json\/wp\/v2\/pages"}],"about":[{"href":"https:\/\/recherche.ehesp.fr\/chaire-jeunesse\/wp-json\/wp\/v2\/types\/page"}],"author":[{"embeddable":true,"href":"https:\/\/recherche.ehesp.fr\/chaire-jeunesse\/wp-json\/wp\/v2\/users\/6"}],"replies":[{"embeddable":true,"href":"https:\/\/recherche.ehesp.fr\/chaire-jeunesse\/wp-json\/wp\/v2\/comments?post=102"}],"version-history":[{"count":71,"href":"https:\/\/recherche.ehesp.fr\/chaire-jeunesse\/wp-json\/wp\/v2\/pages\/102\/revisions"}],"predecessor-version":[{"id":1320,"href":"https:\/\/recherche.ehesp.fr\/chaire-jeunesse\/wp-json\/wp\/v2\/pages\/102\/revisions\/1320"}],"up":[{"embeddable":true,"href":"https:\/\/recherche.ehesp.fr\/chaire-jeunesse\/wp-json\/wp\/v2\/pages\/88"}],"wp:attachment":[{"href":"https:\/\/recherche.ehesp.fr\/chaire-jeunesse\/wp-json\/wp\/v2\/media?parent=102"}],"curies":[{"name":"wp","href":"https:\/\/api.w.org\/{rel}","templated":true}]}}